{"id":1710,"date":"2022-09-21T12:37:12","date_gmt":"2022-09-21T12:37:12","guid":{"rendered":"https:\/\/staging.Sallixcapital.com\/bonus-conditions\/"},"modified":"2022-12-28T14:33:00","modified_gmt":"2022-12-28T14:33:00","slug":"bonus-conditions","status":"publish","type":"page","link":"https:\/\/sallixmarkets.rudetings.com\/de\/bonus-conditions\/","title":{"rendered":"Bonus Conditions"},"content":{"rendered":"","protected":false},"excerpt":{"rendered":"","protected":false},"author":1,"featured_media":0,"parent":0,"menu_order":0,"comment_status":"closed","ping_status":"closed","template":"","meta":{"inline_featured_image":false,"footnotes":""},"class_list":["post-1710","page","type-page","status-publish","hentry"],"acf":[],"yoast_head":"<!-- This site is optimized with the Yoast SEO plugin v19.13 - https:\/\/yoast.com\/wordpress\/plugins\/seo\/ -->\n<title>Sallix Capital Bonusbedingungen<\/title>\n<meta name=\"description\" content=\"Alle Sallix Capital-H\u00e4ndler, die an einem laufenden Bonusprogramm teilnehmen m\u00f6chten, m\u00fcssen unsere Bonusbedingungen lesen und ihnen zustimmen.\" \/>\n<meta name=\"robots\" content=\"noindex, follow, max-snippet:-1, max-image-preview:large, max-video-preview:-1\" \/>\n<meta property=\"og:locale\" content=\"de_DE\" \/>\n<meta property=\"og:type\" content=\"article\" \/>\n<meta property=\"og:title\" content=\"Sallix Capital Bonusbedingungen\" \/>\n<meta property=\"og:description\" content=\"Alle Sallix Capital-H\u00e4ndler, die an einem laufenden Bonusprogramm teilnehmen m\u00f6chten, m\u00fcssen unsere Bonusbedingungen lesen und ihnen zustimmen.\" \/>\n<meta property=\"og:url\" content=\"https:\/\/sallixmarkets.rudetings.com\/de\/bonus-conditions\/\" \/>\n<meta property=\"og:site_name\" content=\"staging.sallixcapital.com\" \/>\n<meta property=\"article:modified_time\" content=\"2022-12-28T14:33:00+00:00\" \/>\n<meta name=\"twitter:card\" content=\"summary_large_image\" \/>\n<meta name=\"twitter:title\" content=\"Sallix Capital Bonusbedingungen\" \/>\n<meta name=\"twitter:description\" content=\"Alle Sallix Capital-H\u00e4ndler, die an einem laufenden Bonusprogramm teilnehmen m\u00f6chten, m\u00fcssen unsere Bonusbedingungen lesen und ihnen zustimmen.\" \/>\n<script type=\"application\/ld+json\" class=\"yoast-schema-graph\">{\"@context\":\"https:\/\/schema.org\",\"@graph\":[{\"@type\":\"WebPage\",\"@id\":\"https:\/\/sallixmarkets.rudetings.com\/de\/bonus-conditions\/\",\"url\":\"https:\/\/sallixmarkets.rudetings.com\/de\/bonus-conditions\/\",\"name\":\"Sallix Capital Bonusbedingungen\",\"isPartOf\":{\"@id\":\"https:\/\/sallixmarkets.rudetings.com\/#website\"},\"datePublished\":\"2022-09-21T12:37:12+00:00\",\"dateModified\":\"2022-12-28T14:33:00+00:00\",\"description\":\"Alle Sallix Capital-H\u00e4ndler, die an einem laufenden Bonusprogramm teilnehmen m\u00f6chten, m\u00fcssen unsere Bonusbedingungen lesen und ihnen zustimmen.\",\"breadcrumb\":{\"@id\":\"https:\/\/sallixmarkets.rudetings.com\/de\/bonus-conditions\/#breadcrumb\"},\"inLanguage\":\"de\",\"potentialAction\":[{\"@type\":\"ReadAction\",\"target\":[\"https:\/\/sallixmarkets.rudetings.com\/de\/bonus-conditions\/\"]}]},{\"@type\":\"BreadcrumbList\",\"@id\":\"https:\/\/sallixmarkets.rudetings.com\/de\/bonus-conditions\/#breadcrumb\",\"itemListElement\":[{\"@type\":\"ListItem\",\"position\":1,\"name\":\"Home\",\"item\":\"https:\/\/sallixmarkets.rudetings.com\/de\/\"},{\"@type\":\"ListItem\",\"position\":2,\"name\":\"Bonus Conditions\"}]},{\"@type\":\"WebSite\",\"@id\":\"https:\/\/sallixmarkets.rudetings.com\/#website\",\"url\":\"https:\/\/sallixmarkets.rudetings.com\/\",\"name\":\"staging.sallixcapital.com\",\"description\":\"Just another WordPress site\",\"potentialAction\":[{\"@type\":\"SearchAction\",\"target\":{\"@type\":\"EntryPoint\",\"urlTemplate\":\"https:\/\/sallixmarkets.rudetings.com\/?s={search_term_string}\"},\"query-input\":\"required name=search_term_string\"}],\"inLanguage\":\"de\"}]}<\/script>\n<!-- \/ Yoast SEO plugin. -->","yoast_head_json":{"title":"Sallix Capital Bonusbedingungen","description":"Alle Sallix Capital-H\u00e4ndler, die an einem laufenden Bonusprogramm teilnehmen m\u00f6chten, m\u00fcssen unsere Bonusbedingungen lesen und ihnen zustimmen.","robots":{"index":"noindex","follow":"follow","max-snippet":"max-snippet:-1","max-image-preview":"max-image-preview:large","max-video-preview":"max-video-preview:-1"},"og_locale":"de_DE","og_type":"article","og_title":"Sallix Capital Bonusbedingungen","og_description":"Alle Sallix Capital-H\u00e4ndler, die an einem laufenden Bonusprogramm teilnehmen m\u00f6chten, m\u00fcssen unsere Bonusbedingungen lesen und ihnen zustimmen.","og_url":"https:\/\/sallixmarkets.rudetings.com\/de\/bonus-conditions\/","og_site_name":"staging.sallixcapital.com","article_modified_time":"2022-12-28T14:33:00+00:00","twitter_card":"summary_large_image","twitter_title":"Sallix Capital Bonusbedingungen","twitter_description":"Alle Sallix Capital-H\u00e4ndler, die an einem laufenden Bonusprogramm teilnehmen m\u00f6chten, m\u00fcssen unsere Bonusbedingungen lesen und ihnen zustimmen.","schema":{"@context":"https:\/\/schema.org","@graph":[{"@type":"WebPage","@id":"https:\/\/sallixmarkets.rudetings.com\/de\/bonus-conditions\/","url":"https:\/\/sallixmarkets.rudetings.com\/de\/bonus-conditions\/","name":"Sallix Capital Bonusbedingungen","isPartOf":{"@id":"https:\/\/sallixmarkets.rudetings.com\/#website"},"datePublished":"2022-09-21T12:37:12+00:00","dateModified":"2022-12-28T14:33:00+00:00","description":"Alle Sallix Capital-H\u00e4ndler, die an einem laufenden Bonusprogramm teilnehmen m\u00f6chten, m\u00fcssen unsere Bonusbedingungen lesen und ihnen zustimmen.","breadcrumb":{"@id":"https:\/\/sallixmarkets.rudetings.com\/de\/bonus-conditions\/#breadcrumb"},"inLanguage":"de","potentialAction":[{"@type":"ReadAction","target":["https:\/\/sallixmarkets.rudetings.com\/de\/bonus-conditions\/"]}]},{"@type":"BreadcrumbList","@id":"https:\/\/sallixmarkets.rudetings.com\/de\/bonus-conditions\/#breadcrumb","itemListElement":[{"@type":"ListItem","position":1,"name":"Home","item":"https:\/\/sallixmarkets.rudetings.com\/de\/"},{"@type":"ListItem","position":2,"name":"Bonus Conditions"}]},{"@type":"WebSite","@id":"https:\/\/sallixmarkets.rudetings.com\/#website","url":"https:\/\/sallixmarkets.rudetings.com\/","name":"staging.sallixcapital.com","description":"Just another WordPress site","potentialAction":[{"@type":"SearchAction","target":{"@type":"EntryPoint","urlTemplate":"https:\/\/sallixmarkets.rudetings.com\/?s={search_term_string}"},"query-input":"required name=search_term_string"}],"inLanguage":"de"}]}},"_links":{"self":[{"href":"https:\/\/sallixmarkets.rudetings.com\/de\/wp-json\/wp\/v2\/pages\/1710","targetHints":{"allow":["GET"]}}],"collection":[{"href":"https:\/\/sallixmarkets.rudetings.com\/de\/wp-json\/wp\/v2\/pages"}],"about":[{"href":"https:\/\/sallixmarkets.rudetings.com\/de\/wp-json\/wp\/v2\/types\/page"}],"author":[{"embeddable":true,"href":"https:\/\/sallixmarkets.rudetings.com\/de\/wp-json\/wp\/v2\/users\/1"}],"replies":[{"embeddable":true,"href":"https:\/\/sallixmarkets.rudetings.com\/de\/wp-json\/wp\/v2\/comments?post=1710"}],"version-history":[{"count":8,"href":"https:\/\/sallixmarkets.rudetings.com\/de\/wp-json\/wp\/v2\/pages\/1710\/revisions"}],"predecessor-version":[{"id":3266,"href":"https:\/\/sallixmarkets.rudetings.com\/de\/wp-json\/wp\/v2\/pages\/1710\/revisions\/3266"}],"wp:attachment":[{"href":"https:\/\/sallixmarkets.rudetings.com\/de\/wp-json\/wp\/v2\/media?parent=1710"}],"curies":[{"name":"wp","href":"https:\/\/api.w.org\/{rel}","templated":true}]}}