{"id":1714,"date":"2022-09-21T12:37:05","date_gmt":"2022-09-21T12:37:05","guid":{"rendered":"https:\/\/staging.Sallixcapital.com\/terms-and-conditions\/"},"modified":"2022-12-30T08:40:50","modified_gmt":"2022-12-30T08:40:50","slug":"terms-and-conditions","status":"publish","type":"page","link":"https:\/\/sallixmarkets.rudetings.com\/de\/terms-and-conditions\/","title":{"rendered":"Terms &#038; Conditions"},"content":{"rendered":"","protected":false},"excerpt":{"rendered":"","protected":false},"author":1,"featured_media":0,"parent":0,"menu_order":0,"comment_status":"closed","ping_status":"closed","template":"","meta":{"inline_featured_image":false,"footnotes":""},"class_list":["post-1714","page","type-page","status-publish","hentry"],"acf":[],"yoast_head":"<!-- This site is optimized with the Yoast SEO plugin v19.13 - https:\/\/yoast.com\/wordpress\/plugins\/seo\/ -->\n<title>Sehen Sie sich hier die Allgemeinen Gesch\u00e4ftsbedingungen von Sallix Capital an.<\/title>\n<meta name=\"description\" content=\"Alle neuen H\u00e4ndler, die mit Sallix Capital handeln m\u00f6chten, m\u00fcssen unsere Allgemeinen Gesch\u00e4ftsbedingungen lesen und ihnen zustimmen, bevor sie mit uns an den Finanzm\u00e4rkten handeln k\u00f6nnen.\" \/>\n<meta name=\"robots\" content=\"noindex, follow, max-snippet:-1, max-image-preview:large, max-video-preview:-1\" \/>\n<meta property=\"og:locale\" content=\"de_DE\" \/>\n<meta property=\"og:type\" content=\"article\" \/>\n<meta property=\"og:title\" content=\"Sehen Sie sich hier die Allgemeinen Gesch\u00e4ftsbedingungen von Sallix Capital an.\" \/>\n<meta property=\"og:description\" content=\"Alle neuen H\u00e4ndler, die mit Sallix Capital handeln m\u00f6chten, m\u00fcssen unsere Allgemeinen Gesch\u00e4ftsbedingungen lesen und ihnen zustimmen, bevor sie mit uns an den Finanzm\u00e4rkten handeln k\u00f6nnen.\" \/>\n<meta property=\"og:url\" content=\"https:\/\/sallixmarkets.rudetings.com\/de\/terms-and-conditions\/\" \/>\n<meta property=\"og:site_name\" content=\"staging.sallixcapital.com\" \/>\n<meta property=\"article:modified_time\" content=\"2022-12-30T08:40:50+00:00\" \/>\n<meta name=\"twitter:card\" content=\"summary_large_image\" \/>\n<meta name=\"twitter:title\" content=\"Sehen Sie sich hier die Allgemeinen Gesch\u00e4ftsbedingungen von Sallix Capital an.\" \/>\n<meta name=\"twitter:description\" content=\"Alle neuen H\u00e4ndler, die mit Sallix Capital handeln m\u00f6chten, m\u00fcssen unsere Allgemeinen Gesch\u00e4ftsbedingungen lesen und ihnen zustimmen, bevor sie mit uns an den Finanzm\u00e4rkten handeln k\u00f6nnen.\" \/>\n<script type=\"application\/ld+json\" class=\"yoast-schema-graph\">{\"@context\":\"https:\/\/schema.org\",\"@graph\":[{\"@type\":\"WebPage\",\"@id\":\"https:\/\/sallixmarkets.rudetings.com\/de\/terms-and-conditions\/\",\"url\":\"https:\/\/sallixmarkets.rudetings.com\/de\/terms-and-conditions\/\",\"name\":\"Sehen Sie sich hier die Allgemeinen Gesch\u00e4ftsbedingungen von Sallix Capital an.\",\"isPartOf\":{\"@id\":\"https:\/\/sallixmarkets.rudetings.com\/#website\"},\"datePublished\":\"2022-09-21T12:37:05+00:00\",\"dateModified\":\"2022-12-30T08:40:50+00:00\",\"description\":\"Alle neuen H\u00e4ndler, die mit Sallix Capital handeln m\u00f6chten, m\u00fcssen unsere Allgemeinen Gesch\u00e4ftsbedingungen lesen und ihnen zustimmen, bevor sie mit uns an den Finanzm\u00e4rkten handeln k\u00f6nnen.\",\"breadcrumb\":{\"@id\":\"https:\/\/sallixmarkets.rudetings.com\/de\/terms-and-conditions\/#breadcrumb\"},\"inLanguage\":\"de\",\"potentialAction\":[{\"@type\":\"ReadAction\",\"target\":[\"https:\/\/sallixmarkets.rudetings.com\/de\/terms-and-conditions\/\"]}]},{\"@type\":\"BreadcrumbList\",\"@id\":\"https:\/\/sallixmarkets.rudetings.com\/de\/terms-and-conditions\/#breadcrumb\",\"itemListElement\":[{\"@type\":\"ListItem\",\"position\":1,\"name\":\"Home\",\"item\":\"https:\/\/sallixmarkets.rudetings.com\/de\/\"},{\"@type\":\"ListItem\",\"position\":2,\"name\":\"Terms &#038; Conditions\"}]},{\"@type\":\"WebSite\",\"@id\":\"https:\/\/sallixmarkets.rudetings.com\/#website\",\"url\":\"https:\/\/sallixmarkets.rudetings.com\/\",\"name\":\"staging.sallixcapital.com\",\"description\":\"Just another WordPress site\",\"potentialAction\":[{\"@type\":\"SearchAction\",\"target\":{\"@type\":\"EntryPoint\",\"urlTemplate\":\"https:\/\/sallixmarkets.rudetings.com\/?s={search_term_string}\"},\"query-input\":\"required name=search_term_string\"}],\"inLanguage\":\"de\"}]}<\/script>\n<!-- \/ Yoast SEO plugin. -->","yoast_head_json":{"title":"Sehen Sie sich hier die Allgemeinen Gesch\u00e4ftsbedingungen von Sallix Capital an.","description":"Alle neuen H\u00e4ndler, die mit Sallix Capital handeln m\u00f6chten, m\u00fcssen unsere Allgemeinen Gesch\u00e4ftsbedingungen lesen und ihnen zustimmen, bevor sie mit uns an den Finanzm\u00e4rkten handeln k\u00f6nnen.","robots":{"index":"noindex","follow":"follow","max-snippet":"max-snippet:-1","max-image-preview":"max-image-preview:large","max-video-preview":"max-video-preview:-1"},"og_locale":"de_DE","og_type":"article","og_title":"Sehen Sie sich hier die Allgemeinen Gesch\u00e4ftsbedingungen von Sallix Capital an.","og_description":"Alle neuen H\u00e4ndler, die mit Sallix Capital handeln m\u00f6chten, m\u00fcssen unsere Allgemeinen Gesch\u00e4ftsbedingungen lesen und ihnen zustimmen, bevor sie mit uns an den Finanzm\u00e4rkten handeln k\u00f6nnen.","og_url":"https:\/\/sallixmarkets.rudetings.com\/de\/terms-and-conditions\/","og_site_name":"staging.sallixcapital.com","article_modified_time":"2022-12-30T08:40:50+00:00","twitter_card":"summary_large_image","twitter_title":"Sehen Sie sich hier die Allgemeinen Gesch\u00e4ftsbedingungen von Sallix Capital an.","twitter_description":"Alle neuen H\u00e4ndler, die mit Sallix Capital handeln m\u00f6chten, m\u00fcssen unsere Allgemeinen Gesch\u00e4ftsbedingungen lesen und ihnen zustimmen, bevor sie mit uns an den Finanzm\u00e4rkten handeln k\u00f6nnen.","schema":{"@context":"https:\/\/schema.org","@graph":[{"@type":"WebPage","@id":"https:\/\/sallixmarkets.rudetings.com\/de\/terms-and-conditions\/","url":"https:\/\/sallixmarkets.rudetings.com\/de\/terms-and-conditions\/","name":"Sehen Sie sich hier die Allgemeinen Gesch\u00e4ftsbedingungen von Sallix Capital an.","isPartOf":{"@id":"https:\/\/sallixmarkets.rudetings.com\/#website"},"datePublished":"2022-09-21T12:37:05+00:00","dateModified":"2022-12-30T08:40:50+00:00","description":"Alle neuen H\u00e4ndler, die mit Sallix Capital handeln m\u00f6chten, m\u00fcssen unsere Allgemeinen Gesch\u00e4ftsbedingungen lesen und ihnen zustimmen, bevor sie mit uns an den Finanzm\u00e4rkten handeln k\u00f6nnen.","breadcrumb":{"@id":"https:\/\/sallixmarkets.rudetings.com\/de\/terms-and-conditions\/#breadcrumb"},"inLanguage":"de","potentialAction":[{"@type":"ReadAction","target":["https:\/\/sallixmarkets.rudetings.com\/de\/terms-and-conditions\/"]}]},{"@type":"BreadcrumbList","@id":"https:\/\/sallixmarkets.rudetings.com\/de\/terms-and-conditions\/#breadcrumb","itemListElement":[{"@type":"ListItem","position":1,"name":"Home","item":"https:\/\/sallixmarkets.rudetings.com\/de\/"},{"@type":"ListItem","position":2,"name":"Terms &#038; Conditions"}]},{"@type":"WebSite","@id":"https:\/\/sallixmarkets.rudetings.com\/#website","url":"https:\/\/sallixmarkets.rudetings.com\/","name":"staging.sallixcapital.com","description":"Just another WordPress site","potentialAction":[{"@type":"SearchAction","target":{"@type":"EntryPoint","urlTemplate":"https:\/\/sallixmarkets.rudetings.com\/?s={search_term_string}"},"query-input":"required name=search_term_string"}],"inLanguage":"de"}]}},"_links":{"self":[{"href":"https:\/\/sallixmarkets.rudetings.com\/de\/wp-json\/wp\/v2\/pages\/1714","targetHints":{"allow":["GET"]}}],"collection":[{"href":"https:\/\/sallixmarkets.rudetings.com\/de\/wp-json\/wp\/v2\/pages"}],"about":[{"href":"https:\/\/sallixmarkets.rudetings.com\/de\/wp-json\/wp\/v2\/types\/page"}],"author":[{"embeddable":true,"href":"https:\/\/sallixmarkets.rudetings.com\/de\/wp-json\/wp\/v2\/users\/1"}],"replies":[{"embeddable":true,"href":"https:\/\/sallixmarkets.rudetings.com\/de\/wp-json\/wp\/v2\/comments?post=1714"}],"version-history":[{"count":10,"href":"https:\/\/sallixmarkets.rudetings.com\/de\/wp-json\/wp\/v2\/pages\/1714\/revisions"}],"predecessor-version":[{"id":3323,"href":"https:\/\/sallixmarkets.rudetings.com\/de\/wp-json\/wp\/v2\/pages\/1714\/revisions\/3323"}],"wp:attachment":[{"href":"https:\/\/sallixmarkets.rudetings.com\/de\/wp-json\/wp\/v2\/media?parent=1714"}],"curies":[{"name":"wp","href":"https:\/\/api.w.org\/{rel}","templated":true}]}}