{"id":1724,"date":"2022-09-21T12:36:30","date_gmt":"2022-09-21T12:36:30","guid":{"rendered":"https:\/\/staging.Sallixcapital.com\/trust\/"},"modified":"2022-12-28T11:08:35","modified_gmt":"2022-12-28T11:08:35","slug":"trust","status":"publish","type":"page","link":"https:\/\/sallixmarkets.rudetings.com\/de\/trust\/","title":{"rendered":"Trust"},"content":{"rendered":"","protected":false},"excerpt":{"rendered":"","protected":false},"author":1,"featured_media":0,"parent":0,"menu_order":0,"comment_status":"closed","ping_status":"closed","template":"","meta":{"inline_featured_image":false,"footnotes":""},"class_list":["post-1724","page","type-page","status-publish","hentry"],"acf":[],"yoast_head":"<!-- This site is optimized with the Yoast SEO plugin v19.13 - https:\/\/yoast.com\/wordpress\/plugins\/seo\/ -->\n<title>Warum vertrauen H\u00e4ndler weltweit auf Sallix Capital?<\/title>\n<meta name=\"description\" content=\"Der Hauptgrund, warum Sallix Capital von Tausenden von H\u00e4ndlern weltweit vertraut wird, ist, dass wir sie als Familie betrachten. Lesen Sie weiter, um weitere Gr\u00fcnde zu sehen.\" \/>\n<meta name=\"robots\" content=\"noindex, follow, max-snippet:-1, max-image-preview:large, max-video-preview:-1\" \/>\n<meta property=\"og:locale\" content=\"de_DE\" \/>\n<meta property=\"og:type\" content=\"article\" \/>\n<meta property=\"og:title\" content=\"Warum vertrauen H\u00e4ndler weltweit auf Sallix Capital?\" \/>\n<meta property=\"og:description\" content=\"Der Hauptgrund, warum Sallix Capital von Tausenden von H\u00e4ndlern weltweit vertraut wird, ist, dass wir sie als Familie betrachten. Lesen Sie weiter, um weitere Gr\u00fcnde zu sehen.\" \/>\n<meta property=\"og:url\" content=\"https:\/\/sallixmarkets.rudetings.com\/de\/trust\/\" \/>\n<meta property=\"og:site_name\" content=\"staging.sallixcapital.com\" \/>\n<meta property=\"article:modified_time\" content=\"2022-12-28T11:08:35+00:00\" \/>\n<meta name=\"twitter:card\" content=\"summary_large_image\" \/>\n<meta name=\"twitter:title\" content=\"Warum vertrauen H\u00e4ndler weltweit auf Sallix Capital?\" \/>\n<meta name=\"twitter:description\" content=\"Der Hauptgrund, warum Sallix Capital von Tausenden von H\u00e4ndlern weltweit vertraut wird, ist, dass wir sie als Familie betrachten. Lesen Sie weiter, um weitere Gr\u00fcnde zu sehen.\" \/>\n<script type=\"application\/ld+json\" class=\"yoast-schema-graph\">{\"@context\":\"https:\/\/schema.org\",\"@graph\":[{\"@type\":\"WebPage\",\"@id\":\"https:\/\/sallixmarkets.rudetings.com\/de\/trust\/\",\"url\":\"https:\/\/sallixmarkets.rudetings.com\/de\/trust\/\",\"name\":\"Warum vertrauen H\u00e4ndler weltweit auf Sallix Capital?\",\"isPartOf\":{\"@id\":\"https:\/\/sallixmarkets.rudetings.com\/#website\"},\"datePublished\":\"2022-09-21T12:36:30+00:00\",\"dateModified\":\"2022-12-28T11:08:35+00:00\",\"description\":\"Der Hauptgrund, warum Sallix Capital von Tausenden von H\u00e4ndlern weltweit vertraut wird, ist, dass wir sie als Familie betrachten. Lesen Sie weiter, um weitere Gr\u00fcnde zu sehen.\",\"breadcrumb\":{\"@id\":\"https:\/\/sallixmarkets.rudetings.com\/de\/trust\/#breadcrumb\"},\"inLanguage\":\"de\",\"potentialAction\":[{\"@type\":\"ReadAction\",\"target\":[\"https:\/\/sallixmarkets.rudetings.com\/de\/trust\/\"]}]},{\"@type\":\"BreadcrumbList\",\"@id\":\"https:\/\/sallixmarkets.rudetings.com\/de\/trust\/#breadcrumb\",\"itemListElement\":[{\"@type\":\"ListItem\",\"position\":1,\"name\":\"Home\",\"item\":\"https:\/\/sallixmarkets.rudetings.com\/de\/\"},{\"@type\":\"ListItem\",\"position\":2,\"name\":\"Trust\"}]},{\"@type\":\"WebSite\",\"@id\":\"https:\/\/sallixmarkets.rudetings.com\/#website\",\"url\":\"https:\/\/sallixmarkets.rudetings.com\/\",\"name\":\"staging.sallixcapital.com\",\"description\":\"Just another WordPress site\",\"potentialAction\":[{\"@type\":\"SearchAction\",\"target\":{\"@type\":\"EntryPoint\",\"urlTemplate\":\"https:\/\/sallixmarkets.rudetings.com\/?s={search_term_string}\"},\"query-input\":\"required name=search_term_string\"}],\"inLanguage\":\"de\"}]}<\/script>\n<!-- \/ Yoast SEO plugin. -->","yoast_head_json":{"title":"Warum vertrauen H\u00e4ndler weltweit auf Sallix Capital?","description":"Der Hauptgrund, warum Sallix Capital von Tausenden von H\u00e4ndlern weltweit vertraut wird, ist, dass wir sie als Familie betrachten. Lesen Sie weiter, um weitere Gr\u00fcnde zu sehen.","robots":{"index":"noindex","follow":"follow","max-snippet":"max-snippet:-1","max-image-preview":"max-image-preview:large","max-video-preview":"max-video-preview:-1"},"og_locale":"de_DE","og_type":"article","og_title":"Warum vertrauen H\u00e4ndler weltweit auf Sallix Capital?","og_description":"Der Hauptgrund, warum Sallix Capital von Tausenden von H\u00e4ndlern weltweit vertraut wird, ist, dass wir sie als Familie betrachten. Lesen Sie weiter, um weitere Gr\u00fcnde zu sehen.","og_url":"https:\/\/sallixmarkets.rudetings.com\/de\/trust\/","og_site_name":"staging.sallixcapital.com","article_modified_time":"2022-12-28T11:08:35+00:00","twitter_card":"summary_large_image","twitter_title":"Warum vertrauen H\u00e4ndler weltweit auf Sallix Capital?","twitter_description":"Der Hauptgrund, warum Sallix Capital von Tausenden von H\u00e4ndlern weltweit vertraut wird, ist, dass wir sie als Familie betrachten. Lesen Sie weiter, um weitere Gr\u00fcnde zu sehen.","schema":{"@context":"https:\/\/schema.org","@graph":[{"@type":"WebPage","@id":"https:\/\/sallixmarkets.rudetings.com\/de\/trust\/","url":"https:\/\/sallixmarkets.rudetings.com\/de\/trust\/","name":"Warum vertrauen H\u00e4ndler weltweit auf Sallix Capital?","isPartOf":{"@id":"https:\/\/sallixmarkets.rudetings.com\/#website"},"datePublished":"2022-09-21T12:36:30+00:00","dateModified":"2022-12-28T11:08:35+00:00","description":"Der Hauptgrund, warum Sallix Capital von Tausenden von H\u00e4ndlern weltweit vertraut wird, ist, dass wir sie als Familie betrachten. Lesen Sie weiter, um weitere Gr\u00fcnde zu sehen.","breadcrumb":{"@id":"https:\/\/sallixmarkets.rudetings.com\/de\/trust\/#breadcrumb"},"inLanguage":"de","potentialAction":[{"@type":"ReadAction","target":["https:\/\/sallixmarkets.rudetings.com\/de\/trust\/"]}]},{"@type":"BreadcrumbList","@id":"https:\/\/sallixmarkets.rudetings.com\/de\/trust\/#breadcrumb","itemListElement":[{"@type":"ListItem","position":1,"name":"Home","item":"https:\/\/sallixmarkets.rudetings.com\/de\/"},{"@type":"ListItem","position":2,"name":"Trust"}]},{"@type":"WebSite","@id":"https:\/\/sallixmarkets.rudetings.com\/#website","url":"https:\/\/sallixmarkets.rudetings.com\/","name":"staging.sallixcapital.com","description":"Just another WordPress site","potentialAction":[{"@type":"SearchAction","target":{"@type":"EntryPoint","urlTemplate":"https:\/\/sallixmarkets.rudetings.com\/?s={search_term_string}"},"query-input":"required name=search_term_string"}],"inLanguage":"de"}]}},"_links":{"self":[{"href":"https:\/\/sallixmarkets.rudetings.com\/de\/wp-json\/wp\/v2\/pages\/1724","targetHints":{"allow":["GET"]}}],"collection":[{"href":"https:\/\/sallixmarkets.rudetings.com\/de\/wp-json\/wp\/v2\/pages"}],"about":[{"href":"https:\/\/sallixmarkets.rudetings.com\/de\/wp-json\/wp\/v2\/types\/page"}],"author":[{"embeddable":true,"href":"https:\/\/sallixmarkets.rudetings.com\/de\/wp-json\/wp\/v2\/users\/1"}],"replies":[{"embeddable":true,"href":"https:\/\/sallixmarkets.rudetings.com\/de\/wp-json\/wp\/v2\/comments?post=1724"}],"version-history":[{"count":7,"href":"https:\/\/sallixmarkets.rudetings.com\/de\/wp-json\/wp\/v2\/pages\/1724\/revisions"}],"predecessor-version":[{"id":3271,"href":"https:\/\/sallixmarkets.rudetings.com\/de\/wp-json\/wp\/v2\/pages\/1724\/revisions\/3271"}],"wp:attachment":[{"href":"https:\/\/sallixmarkets.rudetings.com\/de\/wp-json\/wp\/v2\/media?parent=1724"}],"curies":[{"name":"wp","href":"https:\/\/api.w.org\/{rel}","templated":true}]}}