{"id":1780,"date":"2022-09-16T07:53:25","date_gmt":"2022-09-16T07:53:25","guid":{"rendered":"https:\/\/staging.Sallixcapital.com\/safety-of-withdrawals\/"},"modified":"2022-12-28T10:58:40","modified_gmt":"2022-12-28T10:58:40","slug":"safety-of-withdrawals","status":"publish","type":"page","link":"https:\/\/sallixmarkets.rudetings.com\/de\/safety-of-withdrawals\/","title":{"rendered":"How Withdrawals Work"},"content":{"rendered":"","protected":false},"excerpt":{"rendered":"","protected":false},"author":1,"featured_media":0,"parent":0,"menu_order":0,"comment_status":"closed","ping_status":"closed","template":"page-withdrawals.php","meta":{"inline_featured_image":false,"footnotes":""},"class_list":["post-1780","page","type-page","status-publish","hentry"],"acf":[],"yoast_head":"<!-- This site is optimized with the Yoast SEO plugin v19.13 - https:\/\/yoast.com\/wordpress\/plugins\/seo\/ -->\n<title>Sallix Capital garantiert einen reibungslosen Auszahlungsprozess!<\/title>\n<meta name=\"description\" content=\"Ihre Gewinne geh\u00f6ren Ihnen. Die Gelder, die Sie bei uns angelegt haben, geh\u00f6ren Ihnen. Wenn Sie sie zur\u00fcckziehen m\u00f6chten, ist es einfach. Unser Auszahlungsprozess ist der reibungsloseste, den es gibt\" \/>\n<meta name=\"robots\" content=\"noindex, follow, max-snippet:-1, max-image-preview:large, max-video-preview:-1\" \/>\n<meta property=\"og:locale\" content=\"de_DE\" \/>\n<meta property=\"og:type\" content=\"article\" \/>\n<meta property=\"og:title\" content=\"Sallix Capital garantiert einen reibungslosen Auszahlungsprozess!\" \/>\n<meta property=\"og:description\" content=\"Ihre Gewinne geh\u00f6ren Ihnen. Die Gelder, die Sie bei uns angelegt haben, geh\u00f6ren Ihnen. Wenn Sie sie zur\u00fcckziehen m\u00f6chten, ist es einfach. Unser Auszahlungsprozess ist der reibungsloseste, den es gibt\" \/>\n<meta property=\"og:url\" content=\"https:\/\/sallixmarkets.rudetings.com\/de\/safety-of-withdrawals\/\" \/>\n<meta property=\"og:site_name\" content=\"staging.sallixcapital.com\" \/>\n<meta property=\"article:modified_time\" content=\"2022-12-28T10:58:40+00:00\" \/>\n<meta name=\"twitter:card\" content=\"summary_large_image\" \/>\n<meta name=\"twitter:title\" content=\"Sallix Capital garantiert einen reibungslosen Auszahlungsprozess!\" \/>\n<meta name=\"twitter:description\" content=\"Ihre Gewinne geh\u00f6ren Ihnen. Die Gelder, die Sie bei uns angelegt haben, geh\u00f6ren Ihnen. Wenn Sie sie zur\u00fcckziehen m\u00f6chten, ist es einfach. Unser Auszahlungsprozess ist der reibungsloseste, den es gibt\" \/>\n<script type=\"application\/ld+json\" class=\"yoast-schema-graph\">{\"@context\":\"https:\/\/schema.org\",\"@graph\":[{\"@type\":\"WebPage\",\"@id\":\"https:\/\/sallixmarkets.rudetings.com\/de\/safety-of-withdrawals\/\",\"url\":\"https:\/\/sallixmarkets.rudetings.com\/de\/safety-of-withdrawals\/\",\"name\":\"Sallix Capital garantiert einen reibungslosen Auszahlungsprozess!\",\"isPartOf\":{\"@id\":\"https:\/\/sallixmarkets.rudetings.com\/#website\"},\"datePublished\":\"2022-09-16T07:53:25+00:00\",\"dateModified\":\"2022-12-28T10:58:40+00:00\",\"description\":\"Ihre Gewinne geh\u00f6ren Ihnen. Die Gelder, die Sie bei uns angelegt haben, geh\u00f6ren Ihnen. Wenn Sie sie zur\u00fcckziehen m\u00f6chten, ist es einfach. Unser Auszahlungsprozess ist der reibungsloseste, den es gibt\",\"breadcrumb\":{\"@id\":\"https:\/\/sallixmarkets.rudetings.com\/de\/safety-of-withdrawals\/#breadcrumb\"},\"inLanguage\":\"de\",\"potentialAction\":[{\"@type\":\"ReadAction\",\"target\":[\"https:\/\/sallixmarkets.rudetings.com\/de\/safety-of-withdrawals\/\"]}]},{\"@type\":\"BreadcrumbList\",\"@id\":\"https:\/\/sallixmarkets.rudetings.com\/de\/safety-of-withdrawals\/#breadcrumb\",\"itemListElement\":[{\"@type\":\"ListItem\",\"position\":1,\"name\":\"Home\",\"item\":\"https:\/\/sallixmarkets.rudetings.com\/de\/\"},{\"@type\":\"ListItem\",\"position\":2,\"name\":\"How Withdrawals Work\"}]},{\"@type\":\"WebSite\",\"@id\":\"https:\/\/sallixmarkets.rudetings.com\/#website\",\"url\":\"https:\/\/sallixmarkets.rudetings.com\/\",\"name\":\"staging.sallixcapital.com\",\"description\":\"Just another WordPress site\",\"potentialAction\":[{\"@type\":\"SearchAction\",\"target\":{\"@type\":\"EntryPoint\",\"urlTemplate\":\"https:\/\/sallixmarkets.rudetings.com\/?s={search_term_string}\"},\"query-input\":\"required name=search_term_string\"}],\"inLanguage\":\"de\"}]}<\/script>\n<!-- \/ Yoast SEO plugin. -->","yoast_head_json":{"title":"Sallix Capital garantiert einen reibungslosen Auszahlungsprozess!","description":"Ihre Gewinne geh\u00f6ren Ihnen. Die Gelder, die Sie bei uns angelegt haben, geh\u00f6ren Ihnen. Wenn Sie sie zur\u00fcckziehen m\u00f6chten, ist es einfach. Unser Auszahlungsprozess ist der reibungsloseste, den es gibt","robots":{"index":"noindex","follow":"follow","max-snippet":"max-snippet:-1","max-image-preview":"max-image-preview:large","max-video-preview":"max-video-preview:-1"},"og_locale":"de_DE","og_type":"article","og_title":"Sallix Capital garantiert einen reibungslosen Auszahlungsprozess!","og_description":"Ihre Gewinne geh\u00f6ren Ihnen. Die Gelder, die Sie bei uns angelegt haben, geh\u00f6ren Ihnen. Wenn Sie sie zur\u00fcckziehen m\u00f6chten, ist es einfach. Unser Auszahlungsprozess ist der reibungsloseste, den es gibt","og_url":"https:\/\/sallixmarkets.rudetings.com\/de\/safety-of-withdrawals\/","og_site_name":"staging.sallixcapital.com","article_modified_time":"2022-12-28T10:58:40+00:00","twitter_card":"summary_large_image","twitter_title":"Sallix Capital garantiert einen reibungslosen Auszahlungsprozess!","twitter_description":"Ihre Gewinne geh\u00f6ren Ihnen. Die Gelder, die Sie bei uns angelegt haben, geh\u00f6ren Ihnen. Wenn Sie sie zur\u00fcckziehen m\u00f6chten, ist es einfach. Unser Auszahlungsprozess ist der reibungsloseste, den es gibt","schema":{"@context":"https:\/\/schema.org","@graph":[{"@type":"WebPage","@id":"https:\/\/sallixmarkets.rudetings.com\/de\/safety-of-withdrawals\/","url":"https:\/\/sallixmarkets.rudetings.com\/de\/safety-of-withdrawals\/","name":"Sallix Capital garantiert einen reibungslosen Auszahlungsprozess!","isPartOf":{"@id":"https:\/\/sallixmarkets.rudetings.com\/#website"},"datePublished":"2022-09-16T07:53:25+00:00","dateModified":"2022-12-28T10:58:40+00:00","description":"Ihre Gewinne geh\u00f6ren Ihnen. Die Gelder, die Sie bei uns angelegt haben, geh\u00f6ren Ihnen. Wenn Sie sie zur\u00fcckziehen m\u00f6chten, ist es einfach. Unser Auszahlungsprozess ist der reibungsloseste, den es gibt","breadcrumb":{"@id":"https:\/\/sallixmarkets.rudetings.com\/de\/safety-of-withdrawals\/#breadcrumb"},"inLanguage":"de","potentialAction":[{"@type":"ReadAction","target":["https:\/\/sallixmarkets.rudetings.com\/de\/safety-of-withdrawals\/"]}]},{"@type":"BreadcrumbList","@id":"https:\/\/sallixmarkets.rudetings.com\/de\/safety-of-withdrawals\/#breadcrumb","itemListElement":[{"@type":"ListItem","position":1,"name":"Home","item":"https:\/\/sallixmarkets.rudetings.com\/de\/"},{"@type":"ListItem","position":2,"name":"How Withdrawals Work"}]},{"@type":"WebSite","@id":"https:\/\/sallixmarkets.rudetings.com\/#website","url":"https:\/\/sallixmarkets.rudetings.com\/","name":"staging.sallixcapital.com","description":"Just another WordPress site","potentialAction":[{"@type":"SearchAction","target":{"@type":"EntryPoint","urlTemplate":"https:\/\/sallixmarkets.rudetings.com\/?s={search_term_string}"},"query-input":"required name=search_term_string"}],"inLanguage":"de"}]}},"_links":{"self":[{"href":"https:\/\/sallixmarkets.rudetings.com\/de\/wp-json\/wp\/v2\/pages\/1780","targetHints":{"allow":["GET"]}}],"collection":[{"href":"https:\/\/sallixmarkets.rudetings.com\/de\/wp-json\/wp\/v2\/pages"}],"about":[{"href":"https:\/\/sallixmarkets.rudetings.com\/de\/wp-json\/wp\/v2\/types\/page"}],"author":[{"embeddable":true,"href":"https:\/\/sallixmarkets.rudetings.com\/de\/wp-json\/wp\/v2\/users\/1"}],"replies":[{"embeddable":true,"href":"https:\/\/sallixmarkets.rudetings.com\/de\/wp-json\/wp\/v2\/comments?post=1780"}],"version-history":[{"count":4,"href":"https:\/\/sallixmarkets.rudetings.com\/de\/wp-json\/wp\/v2\/pages\/1780\/revisions"}],"predecessor-version":[{"id":3235,"href":"https:\/\/sallixmarkets.rudetings.com\/de\/wp-json\/wp\/v2\/pages\/1780\/revisions\/3235"}],"wp:attachment":[{"href":"https:\/\/sallixmarkets.rudetings.com\/de\/wp-json\/wp\/v2\/media?parent=1780"}],"curies":[{"name":"wp","href":"https:\/\/api.w.org\/{rel}","templated":true}]}}