{"id":1705,"date":"2022-09-21T12:37:22","date_gmt":"2022-09-21T12:37:22","guid":{"rendered":"https:\/\/staging.Sallixcapital.com\/aml-and-cft-policy\/"},"modified":"2022-12-27T10:44:48","modified_gmt":"2022-12-27T10:44:48","slug":"aml-and-cft-policy","status":"publish","type":"page","link":"https:\/\/sallixmarkets.rudetings.com\/fr\/aml-and-cft-policy\/","title":{"rendered":"AML &#038; CFT Policy"},"content":{"rendered":"","protected":false},"excerpt":{"rendered":"","protected":false},"author":1,"featured_media":0,"parent":0,"menu_order":0,"comment_status":"closed","ping_status":"closed","template":"","meta":{"inline_featured_image":false,"footnotes":""},"class_list":["post-1705","page","type-page","status-publish","hentry"],"acf":[],"yoast_head":"<!-- This site is optimized with the Yoast SEO plugin v19.13 - https:\/\/yoast.com\/wordpress\/plugins\/seo\/ -->\n<title>Le protocole Sallix Capital AML\/CFT\/CFP<\/title>\n<meta name=\"description\" content=\"Sallix Capital prend la r\u00e9glementation tr\u00e8s au s\u00e9rieux, c&#039;est pourquoi nous avons mis en place un protocole AML, CFT &amp; CFP. Tous les commer\u00e7ants doivent lire et accepter ces protocoles.\" \/>\n<meta name=\"robots\" content=\"noindex, follow, max-snippet:-1, max-image-preview:large, max-video-preview:-1\" \/>\n<meta property=\"og:locale\" content=\"fr_FR\" \/>\n<meta property=\"og:type\" content=\"article\" \/>\n<meta property=\"og:title\" content=\"Le protocole Sallix Capital AML\/CFT\/CFP\" \/>\n<meta property=\"og:description\" content=\"Sallix Capital prend la r\u00e9glementation tr\u00e8s au s\u00e9rieux, c&#039;est pourquoi nous avons mis en place un protocole AML, CFT &amp; CFP. Tous les commer\u00e7ants doivent lire et accepter ces protocoles.\" \/>\n<meta property=\"og:url\" content=\"https:\/\/sallixmarkets.rudetings.com\/fr\/aml-and-cft-policy\/\" \/>\n<meta property=\"og:site_name\" content=\"staging.sallixcapital.com\" \/>\n<meta property=\"article:modified_time\" content=\"2022-12-27T10:44:48+00:00\" \/>\n<meta name=\"twitter:card\" content=\"summary_large_image\" \/>\n<meta name=\"twitter:title\" content=\"Le protocole Sallix Capital AML\/CFT\/CFP\" \/>\n<meta name=\"twitter:description\" content=\"Sallix Capital prend la r\u00e9glementation tr\u00e8s au s\u00e9rieux, c&#039;est pourquoi nous avons mis en place un protocole AML, CFT &amp; CFP. Tous les commer\u00e7ants doivent lire et accepter ces protocoles.\" \/>\n<script type=\"application\/ld+json\" class=\"yoast-schema-graph\">{\"@context\":\"https:\/\/schema.org\",\"@graph\":[{\"@type\":\"WebPage\",\"@id\":\"https:\/\/sallixmarkets.rudetings.com\/fr\/aml-and-cft-policy\/\",\"url\":\"https:\/\/sallixmarkets.rudetings.com\/fr\/aml-and-cft-policy\/\",\"name\":\"Le protocole Sallix Capital AML\/CFT\/CFP\",\"isPartOf\":{\"@id\":\"https:\/\/sallixmarkets.rudetings.com\/#website\"},\"datePublished\":\"2022-09-21T12:37:22+00:00\",\"dateModified\":\"2022-12-27T10:44:48+00:00\",\"description\":\"Sallix Capital prend la r\u00e9glementation tr\u00e8s au s\u00e9rieux, c'est pourquoi nous avons mis en place un protocole AML, CFT & CFP. Tous les commer\u00e7ants doivent lire et accepter ces protocoles.\",\"breadcrumb\":{\"@id\":\"https:\/\/sallixmarkets.rudetings.com\/fr\/aml-and-cft-policy\/#breadcrumb\"},\"inLanguage\":\"fr-FR\",\"potentialAction\":[{\"@type\":\"ReadAction\",\"target\":[\"https:\/\/sallixmarkets.rudetings.com\/fr\/aml-and-cft-policy\/\"]}]},{\"@type\":\"BreadcrumbList\",\"@id\":\"https:\/\/sallixmarkets.rudetings.com\/fr\/aml-and-cft-policy\/#breadcrumb\",\"itemListElement\":[{\"@type\":\"ListItem\",\"position\":1,\"name\":\"Home\",\"item\":\"https:\/\/sallixmarkets.rudetings.com\/fr\/\"},{\"@type\":\"ListItem\",\"position\":2,\"name\":\"AML &#038; CFT Policy\"}]},{\"@type\":\"WebSite\",\"@id\":\"https:\/\/sallixmarkets.rudetings.com\/#website\",\"url\":\"https:\/\/sallixmarkets.rudetings.com\/\",\"name\":\"staging.sallixcapital.com\",\"description\":\"Just another WordPress site\",\"potentialAction\":[{\"@type\":\"SearchAction\",\"target\":{\"@type\":\"EntryPoint\",\"urlTemplate\":\"https:\/\/sallixmarkets.rudetings.com\/?s={search_term_string}\"},\"query-input\":\"required name=search_term_string\"}],\"inLanguage\":\"fr-FR\"}]}<\/script>\n<!-- \/ Yoast SEO plugin. -->","yoast_head_json":{"title":"Le protocole Sallix Capital AML\/CFT\/CFP","description":"Sallix Capital prend la r\u00e9glementation tr\u00e8s au s\u00e9rieux, c'est pourquoi nous avons mis en place un protocole AML, CFT & CFP. Tous les commer\u00e7ants doivent lire et accepter ces protocoles.","robots":{"index":"noindex","follow":"follow","max-snippet":"max-snippet:-1","max-image-preview":"max-image-preview:large","max-video-preview":"max-video-preview:-1"},"og_locale":"fr_FR","og_type":"article","og_title":"Le protocole Sallix Capital AML\/CFT\/CFP","og_description":"Sallix Capital prend la r\u00e9glementation tr\u00e8s au s\u00e9rieux, c'est pourquoi nous avons mis en place un protocole AML, CFT & CFP. Tous les commer\u00e7ants doivent lire et accepter ces protocoles.","og_url":"https:\/\/sallixmarkets.rudetings.com\/fr\/aml-and-cft-policy\/","og_site_name":"staging.sallixcapital.com","article_modified_time":"2022-12-27T10:44:48+00:00","twitter_card":"summary_large_image","twitter_title":"Le protocole Sallix Capital AML\/CFT\/CFP","twitter_description":"Sallix Capital prend la r\u00e9glementation tr\u00e8s au s\u00e9rieux, c'est pourquoi nous avons mis en place un protocole AML, CFT & CFP. Tous les commer\u00e7ants doivent lire et accepter ces protocoles.","schema":{"@context":"https:\/\/schema.org","@graph":[{"@type":"WebPage","@id":"https:\/\/sallixmarkets.rudetings.com\/fr\/aml-and-cft-policy\/","url":"https:\/\/sallixmarkets.rudetings.com\/fr\/aml-and-cft-policy\/","name":"Le protocole Sallix Capital AML\/CFT\/CFP","isPartOf":{"@id":"https:\/\/sallixmarkets.rudetings.com\/#website"},"datePublished":"2022-09-21T12:37:22+00:00","dateModified":"2022-12-27T10:44:48+00:00","description":"Sallix Capital prend la r\u00e9glementation tr\u00e8s au s\u00e9rieux, c'est pourquoi nous avons mis en place un protocole AML, CFT & CFP. Tous les commer\u00e7ants doivent lire et accepter ces protocoles.","breadcrumb":{"@id":"https:\/\/sallixmarkets.rudetings.com\/fr\/aml-and-cft-policy\/#breadcrumb"},"inLanguage":"fr-FR","potentialAction":[{"@type":"ReadAction","target":["https:\/\/sallixmarkets.rudetings.com\/fr\/aml-and-cft-policy\/"]}]},{"@type":"BreadcrumbList","@id":"https:\/\/sallixmarkets.rudetings.com\/fr\/aml-and-cft-policy\/#breadcrumb","itemListElement":[{"@type":"ListItem","position":1,"name":"Home","item":"https:\/\/sallixmarkets.rudetings.com\/fr\/"},{"@type":"ListItem","position":2,"name":"AML &#038; CFT Policy"}]},{"@type":"WebSite","@id":"https:\/\/sallixmarkets.rudetings.com\/#website","url":"https:\/\/sallixmarkets.rudetings.com\/","name":"staging.sallixcapital.com","description":"Just another WordPress site","potentialAction":[{"@type":"SearchAction","target":{"@type":"EntryPoint","urlTemplate":"https:\/\/sallixmarkets.rudetings.com\/?s={search_term_string}"},"query-input":"required name=search_term_string"}],"inLanguage":"fr-FR"}]}},"_links":{"self":[{"href":"https:\/\/sallixmarkets.rudetings.com\/fr\/wp-json\/wp\/v2\/pages\/1705","targetHints":{"allow":["GET"]}}],"collection":[{"href":"https:\/\/sallixmarkets.rudetings.com\/fr\/wp-json\/wp\/v2\/pages"}],"about":[{"href":"https:\/\/sallixmarkets.rudetings.com\/fr\/wp-json\/wp\/v2\/types\/page"}],"author":[{"embeddable":true,"href":"https:\/\/sallixmarkets.rudetings.com\/fr\/wp-json\/wp\/v2\/users\/1"}],"replies":[{"embeddable":true,"href":"https:\/\/sallixmarkets.rudetings.com\/fr\/wp-json\/wp\/v2\/comments?post=1705"}],"version-history":[{"count":2,"href":"https:\/\/sallixmarkets.rudetings.com\/fr\/wp-json\/wp\/v2\/pages\/1705\/revisions"}],"predecessor-version":[{"id":3077,"href":"https:\/\/sallixmarkets.rudetings.com\/fr\/wp-json\/wp\/v2\/pages\/1705\/revisions\/3077"}],"wp:attachment":[{"href":"https:\/\/sallixmarkets.rudetings.com\/fr\/wp-json\/wp\/v2\/media?parent=1705"}],"curies":[{"name":"wp","href":"https:\/\/api.w.org\/{rel}","templated":true}]}}