{"id":1709,"date":"2022-09-21T12:37:12","date_gmt":"2022-09-21T12:37:12","guid":{"rendered":"https:\/\/staging.Sallixcapital.com\/bonus-conditions\/"},"modified":"2022-12-28T14:09:50","modified_gmt":"2022-12-28T14:09:50","slug":"bonus-conditions","status":"publish","type":"page","link":"https:\/\/sallixmarkets.rudetings.com\/fr\/bonus-conditions\/","title":{"rendered":"Bonus Conditions"},"content":{"rendered":"","protected":false},"excerpt":{"rendered":"","protected":false},"author":1,"featured_media":0,"parent":0,"menu_order":0,"comment_status":"closed","ping_status":"closed","template":"","meta":{"inline_featured_image":false,"footnotes":""},"class_list":["post-1709","page","type-page","status-publish","hentry"],"acf":[],"yoast_head":"<!-- This site is optimized with the Yoast SEO plugin v19.13 - https:\/\/yoast.com\/wordpress\/plugins\/seo\/ -->\n<title>Sallix Capital Conditions g\u00e9n\u00e9rales du bonus<\/title>\n<meta name=\"description\" content=\"Tous les commer\u00e7ants Sallix Capital souhaitant participer \u00e0 tout programme de bonus en cours que nous avons doivent lire et accepter nos conditions g\u00e9n\u00e9rales de bonus.\" \/>\n<meta name=\"robots\" content=\"noindex, follow, max-snippet:-1, max-image-preview:large, max-video-preview:-1\" \/>\n<meta property=\"og:locale\" content=\"fr_FR\" \/>\n<meta property=\"og:type\" content=\"article\" \/>\n<meta property=\"og:title\" content=\"Sallix Capital Conditions g\u00e9n\u00e9rales du bonus\" \/>\n<meta property=\"og:description\" content=\"Tous les commer\u00e7ants Sallix Capital souhaitant participer \u00e0 tout programme de bonus en cours que nous avons doivent lire et accepter nos conditions g\u00e9n\u00e9rales de bonus.\" \/>\n<meta property=\"og:url\" content=\"https:\/\/sallixmarkets.rudetings.com\/fr\/bonus-conditions\/\" \/>\n<meta property=\"og:site_name\" content=\"staging.sallixcapital.com\" \/>\n<meta property=\"article:modified_time\" content=\"2022-12-28T14:09:50+00:00\" \/>\n<meta name=\"twitter:card\" content=\"summary_large_image\" \/>\n<meta name=\"twitter:title\" content=\"Sallix Capital Conditions g\u00e9n\u00e9rales du bonus\" \/>\n<meta name=\"twitter:description\" content=\"Tous les commer\u00e7ants Sallix Capital souhaitant participer \u00e0 tout programme de bonus en cours que nous avons doivent lire et accepter nos conditions g\u00e9n\u00e9rales de bonus.\" \/>\n<script type=\"application\/ld+json\" class=\"yoast-schema-graph\">{\"@context\":\"https:\/\/schema.org\",\"@graph\":[{\"@type\":\"WebPage\",\"@id\":\"https:\/\/sallixmarkets.rudetings.com\/fr\/bonus-conditions\/\",\"url\":\"https:\/\/sallixmarkets.rudetings.com\/fr\/bonus-conditions\/\",\"name\":\"Sallix Capital Conditions g\u00e9n\u00e9rales du bonus\",\"isPartOf\":{\"@id\":\"https:\/\/sallixmarkets.rudetings.com\/#website\"},\"datePublished\":\"2022-09-21T12:37:12+00:00\",\"dateModified\":\"2022-12-28T14:09:50+00:00\",\"description\":\"Tous les commer\u00e7ants Sallix Capital souhaitant participer \u00e0 tout programme de bonus en cours que nous avons doivent lire et accepter nos conditions g\u00e9n\u00e9rales de bonus.\",\"breadcrumb\":{\"@id\":\"https:\/\/sallixmarkets.rudetings.com\/fr\/bonus-conditions\/#breadcrumb\"},\"inLanguage\":\"fr-FR\",\"potentialAction\":[{\"@type\":\"ReadAction\",\"target\":[\"https:\/\/sallixmarkets.rudetings.com\/fr\/bonus-conditions\/\"]}]},{\"@type\":\"BreadcrumbList\",\"@id\":\"https:\/\/sallixmarkets.rudetings.com\/fr\/bonus-conditions\/#breadcrumb\",\"itemListElement\":[{\"@type\":\"ListItem\",\"position\":1,\"name\":\"Home\",\"item\":\"https:\/\/sallixmarkets.rudetings.com\/fr\/\"},{\"@type\":\"ListItem\",\"position\":2,\"name\":\"Bonus Conditions\"}]},{\"@type\":\"WebSite\",\"@id\":\"https:\/\/sallixmarkets.rudetings.com\/#website\",\"url\":\"https:\/\/sallixmarkets.rudetings.com\/\",\"name\":\"staging.sallixcapital.com\",\"description\":\"Just another WordPress site\",\"potentialAction\":[{\"@type\":\"SearchAction\",\"target\":{\"@type\":\"EntryPoint\",\"urlTemplate\":\"https:\/\/sallixmarkets.rudetings.com\/?s={search_term_string}\"},\"query-input\":\"required name=search_term_string\"}],\"inLanguage\":\"fr-FR\"}]}<\/script>\n<!-- \/ Yoast SEO plugin. -->","yoast_head_json":{"title":"Sallix Capital Conditions g\u00e9n\u00e9rales du bonus","description":"Tous les commer\u00e7ants Sallix Capital souhaitant participer \u00e0 tout programme de bonus en cours que nous avons doivent lire et accepter nos conditions g\u00e9n\u00e9rales de bonus.","robots":{"index":"noindex","follow":"follow","max-snippet":"max-snippet:-1","max-image-preview":"max-image-preview:large","max-video-preview":"max-video-preview:-1"},"og_locale":"fr_FR","og_type":"article","og_title":"Sallix Capital Conditions g\u00e9n\u00e9rales du bonus","og_description":"Tous les commer\u00e7ants Sallix Capital souhaitant participer \u00e0 tout programme de bonus en cours que nous avons doivent lire et accepter nos conditions g\u00e9n\u00e9rales de bonus.","og_url":"https:\/\/sallixmarkets.rudetings.com\/fr\/bonus-conditions\/","og_site_name":"staging.sallixcapital.com","article_modified_time":"2022-12-28T14:09:50+00:00","twitter_card":"summary_large_image","twitter_title":"Sallix Capital Conditions g\u00e9n\u00e9rales du bonus","twitter_description":"Tous les commer\u00e7ants Sallix Capital souhaitant participer \u00e0 tout programme de bonus en cours que nous avons doivent lire et accepter nos conditions g\u00e9n\u00e9rales de bonus.","schema":{"@context":"https:\/\/schema.org","@graph":[{"@type":"WebPage","@id":"https:\/\/sallixmarkets.rudetings.com\/fr\/bonus-conditions\/","url":"https:\/\/sallixmarkets.rudetings.com\/fr\/bonus-conditions\/","name":"Sallix Capital Conditions g\u00e9n\u00e9rales du bonus","isPartOf":{"@id":"https:\/\/sallixmarkets.rudetings.com\/#website"},"datePublished":"2022-09-21T12:37:12+00:00","dateModified":"2022-12-28T14:09:50+00:00","description":"Tous les commer\u00e7ants Sallix Capital souhaitant participer \u00e0 tout programme de bonus en cours que nous avons doivent lire et accepter nos conditions g\u00e9n\u00e9rales de bonus.","breadcrumb":{"@id":"https:\/\/sallixmarkets.rudetings.com\/fr\/bonus-conditions\/#breadcrumb"},"inLanguage":"fr-FR","potentialAction":[{"@type":"ReadAction","target":["https:\/\/sallixmarkets.rudetings.com\/fr\/bonus-conditions\/"]}]},{"@type":"BreadcrumbList","@id":"https:\/\/sallixmarkets.rudetings.com\/fr\/bonus-conditions\/#breadcrumb","itemListElement":[{"@type":"ListItem","position":1,"name":"Home","item":"https:\/\/sallixmarkets.rudetings.com\/fr\/"},{"@type":"ListItem","position":2,"name":"Bonus Conditions"}]},{"@type":"WebSite","@id":"https:\/\/sallixmarkets.rudetings.com\/#website","url":"https:\/\/sallixmarkets.rudetings.com\/","name":"staging.sallixcapital.com","description":"Just another WordPress site","potentialAction":[{"@type":"SearchAction","target":{"@type":"EntryPoint","urlTemplate":"https:\/\/sallixmarkets.rudetings.com\/?s={search_term_string}"},"query-input":"required name=search_term_string"}],"inLanguage":"fr-FR"}]}},"_links":{"self":[{"href":"https:\/\/sallixmarkets.rudetings.com\/fr\/wp-json\/wp\/v2\/pages\/1709","targetHints":{"allow":["GET"]}}],"collection":[{"href":"https:\/\/sallixmarkets.rudetings.com\/fr\/wp-json\/wp\/v2\/pages"}],"about":[{"href":"https:\/\/sallixmarkets.rudetings.com\/fr\/wp-json\/wp\/v2\/types\/page"}],"author":[{"embeddable":true,"href":"https:\/\/sallixmarkets.rudetings.com\/fr\/wp-json\/wp\/v2\/users\/1"}],"replies":[{"embeddable":true,"href":"https:\/\/sallixmarkets.rudetings.com\/fr\/wp-json\/wp\/v2\/comments?post=1709"}],"version-history":[{"count":4,"href":"https:\/\/sallixmarkets.rudetings.com\/fr\/wp-json\/wp\/v2\/pages\/1709\/revisions"}],"predecessor-version":[{"id":3260,"href":"https:\/\/sallixmarkets.rudetings.com\/fr\/wp-json\/wp\/v2\/pages\/1709\/revisions\/3260"}],"wp:attachment":[{"href":"https:\/\/sallixmarkets.rudetings.com\/fr\/wp-json\/wp\/v2\/media?parent=1709"}],"curies":[{"name":"wp","href":"https:\/\/api.w.org\/{rel}","templated":true}]}}