{"id":1713,"date":"2022-09-21T12:37:05","date_gmt":"2022-09-21T12:37:05","guid":{"rendered":"https:\/\/staging.Sallixcapital.com\/terms-and-conditions\/"},"modified":"2022-12-30T08:41:05","modified_gmt":"2022-12-30T08:41:05","slug":"terms-and-conditions","status":"publish","type":"page","link":"https:\/\/sallixmarkets.rudetings.com\/fr\/terms-and-conditions\/","title":{"rendered":"Terms &#038; Conditions"},"content":{"rendered":"","protected":false},"excerpt":{"rendered":"","protected":false},"author":1,"featured_media":0,"parent":0,"menu_order":0,"comment_status":"closed","ping_status":"closed","template":"","meta":{"inline_featured_image":false,"footnotes":""},"class_list":["post-1713","page","type-page","status-publish","hentry"],"acf":[],"yoast_head":"<!-- This site is optimized with the Yoast SEO plugin v19.13 - https:\/\/yoast.com\/wordpress\/plugins\/seo\/ -->\n<title>Consultez les conditions g\u00e9n\u00e9rales de Sallix Capital ici.<\/title>\n<meta name=\"description\" content=\"Tous les nouveaux commer\u00e7ants souhaitant n\u00e9gocier avec Sallix Capital doivent lire et accepter nos conditions g\u00e9n\u00e9rales avant de pouvoir n\u00e9gocier avec nous sur les march\u00e9s financiers.\" \/>\n<meta name=\"robots\" content=\"noindex, follow, max-snippet:-1, max-image-preview:large, max-video-preview:-1\" \/>\n<meta property=\"og:locale\" content=\"fr_FR\" \/>\n<meta property=\"og:type\" content=\"article\" \/>\n<meta property=\"og:title\" content=\"Consultez les conditions g\u00e9n\u00e9rales de Sallix Capital ici.\" \/>\n<meta property=\"og:description\" content=\"Tous les nouveaux commer\u00e7ants souhaitant n\u00e9gocier avec Sallix Capital doivent lire et accepter nos conditions g\u00e9n\u00e9rales avant de pouvoir n\u00e9gocier avec nous sur les march\u00e9s financiers.\" \/>\n<meta property=\"og:url\" content=\"https:\/\/sallixmarkets.rudetings.com\/fr\/terms-and-conditions\/\" \/>\n<meta property=\"og:site_name\" content=\"staging.sallixcapital.com\" \/>\n<meta property=\"article:modified_time\" content=\"2022-12-30T08:41:05+00:00\" \/>\n<meta name=\"twitter:card\" content=\"summary_large_image\" \/>\n<meta name=\"twitter:title\" content=\"Consultez les conditions g\u00e9n\u00e9rales de Sallix Capital ici.\" \/>\n<meta name=\"twitter:description\" content=\"Tous les nouveaux commer\u00e7ants souhaitant n\u00e9gocier avec Sallix Capital doivent lire et accepter nos conditions g\u00e9n\u00e9rales avant de pouvoir n\u00e9gocier avec nous sur les march\u00e9s financiers.\" \/>\n<script type=\"application\/ld+json\" class=\"yoast-schema-graph\">{\"@context\":\"https:\/\/schema.org\",\"@graph\":[{\"@type\":\"WebPage\",\"@id\":\"https:\/\/sallixmarkets.rudetings.com\/fr\/terms-and-conditions\/\",\"url\":\"https:\/\/sallixmarkets.rudetings.com\/fr\/terms-and-conditions\/\",\"name\":\"Consultez les conditions g\u00e9n\u00e9rales de Sallix Capital ici.\",\"isPartOf\":{\"@id\":\"https:\/\/sallixmarkets.rudetings.com\/#website\"},\"datePublished\":\"2022-09-21T12:37:05+00:00\",\"dateModified\":\"2022-12-30T08:41:05+00:00\",\"description\":\"Tous les nouveaux commer\u00e7ants souhaitant n\u00e9gocier avec Sallix Capital doivent lire et accepter nos conditions g\u00e9n\u00e9rales avant de pouvoir n\u00e9gocier avec nous sur les march\u00e9s financiers.\",\"breadcrumb\":{\"@id\":\"https:\/\/sallixmarkets.rudetings.com\/fr\/terms-and-conditions\/#breadcrumb\"},\"inLanguage\":\"fr-FR\",\"potentialAction\":[{\"@type\":\"ReadAction\",\"target\":[\"https:\/\/sallixmarkets.rudetings.com\/fr\/terms-and-conditions\/\"]}]},{\"@type\":\"BreadcrumbList\",\"@id\":\"https:\/\/sallixmarkets.rudetings.com\/fr\/terms-and-conditions\/#breadcrumb\",\"itemListElement\":[{\"@type\":\"ListItem\",\"position\":1,\"name\":\"Home\",\"item\":\"https:\/\/sallixmarkets.rudetings.com\/fr\/\"},{\"@type\":\"ListItem\",\"position\":2,\"name\":\"Terms &#038; Conditions\"}]},{\"@type\":\"WebSite\",\"@id\":\"https:\/\/sallixmarkets.rudetings.com\/#website\",\"url\":\"https:\/\/sallixmarkets.rudetings.com\/\",\"name\":\"staging.sallixcapital.com\",\"description\":\"Just another WordPress site\",\"potentialAction\":[{\"@type\":\"SearchAction\",\"target\":{\"@type\":\"EntryPoint\",\"urlTemplate\":\"https:\/\/sallixmarkets.rudetings.com\/?s={search_term_string}\"},\"query-input\":\"required name=search_term_string\"}],\"inLanguage\":\"fr-FR\"}]}<\/script>\n<!-- \/ Yoast SEO plugin. -->","yoast_head_json":{"title":"Consultez les conditions g\u00e9n\u00e9rales de Sallix Capital ici.","description":"Tous les nouveaux commer\u00e7ants souhaitant n\u00e9gocier avec Sallix Capital doivent lire et accepter nos conditions g\u00e9n\u00e9rales avant de pouvoir n\u00e9gocier avec nous sur les march\u00e9s financiers.","robots":{"index":"noindex","follow":"follow","max-snippet":"max-snippet:-1","max-image-preview":"max-image-preview:large","max-video-preview":"max-video-preview:-1"},"og_locale":"fr_FR","og_type":"article","og_title":"Consultez les conditions g\u00e9n\u00e9rales de Sallix Capital ici.","og_description":"Tous les nouveaux commer\u00e7ants souhaitant n\u00e9gocier avec Sallix Capital doivent lire et accepter nos conditions g\u00e9n\u00e9rales avant de pouvoir n\u00e9gocier avec nous sur les march\u00e9s financiers.","og_url":"https:\/\/sallixmarkets.rudetings.com\/fr\/terms-and-conditions\/","og_site_name":"staging.sallixcapital.com","article_modified_time":"2022-12-30T08:41:05+00:00","twitter_card":"summary_large_image","twitter_title":"Consultez les conditions g\u00e9n\u00e9rales de Sallix Capital ici.","twitter_description":"Tous les nouveaux commer\u00e7ants souhaitant n\u00e9gocier avec Sallix Capital doivent lire et accepter nos conditions g\u00e9n\u00e9rales avant de pouvoir n\u00e9gocier avec nous sur les march\u00e9s financiers.","schema":{"@context":"https:\/\/schema.org","@graph":[{"@type":"WebPage","@id":"https:\/\/sallixmarkets.rudetings.com\/fr\/terms-and-conditions\/","url":"https:\/\/sallixmarkets.rudetings.com\/fr\/terms-and-conditions\/","name":"Consultez les conditions g\u00e9n\u00e9rales de Sallix Capital ici.","isPartOf":{"@id":"https:\/\/sallixmarkets.rudetings.com\/#website"},"datePublished":"2022-09-21T12:37:05+00:00","dateModified":"2022-12-30T08:41:05+00:00","description":"Tous les nouveaux commer\u00e7ants souhaitant n\u00e9gocier avec Sallix Capital doivent lire et accepter nos conditions g\u00e9n\u00e9rales avant de pouvoir n\u00e9gocier avec nous sur les march\u00e9s financiers.","breadcrumb":{"@id":"https:\/\/sallixmarkets.rudetings.com\/fr\/terms-and-conditions\/#breadcrumb"},"inLanguage":"fr-FR","potentialAction":[{"@type":"ReadAction","target":["https:\/\/sallixmarkets.rudetings.com\/fr\/terms-and-conditions\/"]}]},{"@type":"BreadcrumbList","@id":"https:\/\/sallixmarkets.rudetings.com\/fr\/terms-and-conditions\/#breadcrumb","itemListElement":[{"@type":"ListItem","position":1,"name":"Home","item":"https:\/\/sallixmarkets.rudetings.com\/fr\/"},{"@type":"ListItem","position":2,"name":"Terms &#038; Conditions"}]},{"@type":"WebSite","@id":"https:\/\/sallixmarkets.rudetings.com\/#website","url":"https:\/\/sallixmarkets.rudetings.com\/","name":"staging.sallixcapital.com","description":"Just another WordPress site","potentialAction":[{"@type":"SearchAction","target":{"@type":"EntryPoint","urlTemplate":"https:\/\/sallixmarkets.rudetings.com\/?s={search_term_string}"},"query-input":"required name=search_term_string"}],"inLanguage":"fr-FR"}]}},"_links":{"self":[{"href":"https:\/\/sallixmarkets.rudetings.com\/fr\/wp-json\/wp\/v2\/pages\/1713","targetHints":{"allow":["GET"]}}],"collection":[{"href":"https:\/\/sallixmarkets.rudetings.com\/fr\/wp-json\/wp\/v2\/pages"}],"about":[{"href":"https:\/\/sallixmarkets.rudetings.com\/fr\/wp-json\/wp\/v2\/types\/page"}],"author":[{"embeddable":true,"href":"https:\/\/sallixmarkets.rudetings.com\/fr\/wp-json\/wp\/v2\/users\/1"}],"replies":[{"embeddable":true,"href":"https:\/\/sallixmarkets.rudetings.com\/fr\/wp-json\/wp\/v2\/comments?post=1713"}],"version-history":[{"count":8,"href":"https:\/\/sallixmarkets.rudetings.com\/fr\/wp-json\/wp\/v2\/pages\/1713\/revisions"}],"predecessor-version":[{"id":3324,"href":"https:\/\/sallixmarkets.rudetings.com\/fr\/wp-json\/wp\/v2\/pages\/1713\/revisions\/3324"}],"wp:attachment":[{"href":"https:\/\/sallixmarkets.rudetings.com\/fr\/wp-json\/wp\/v2\/media?parent=1713"}],"curies":[{"name":"wp","href":"https:\/\/api.w.org\/{rel}","templated":true}]}}