{"id":1723,"date":"2022-09-21T12:36:51","date_gmt":"2022-09-21T12:36:51","guid":{"rendered":"https:\/\/staging.Sallixcapital.com\/risk-disclosure\/"},"modified":"2022-12-23T10:54:59","modified_gmt":"2022-12-23T10:54:59","slug":"risk-disclosure","status":"publish","type":"page","link":"https:\/\/sallixmarkets.rudetings.com\/fr\/risk-disclosure\/","title":{"rendered":"Risk Disclosure"},"content":{"rendered":"","protected":false},"excerpt":{"rendered":"","protected":false},"author":1,"featured_media":0,"parent":0,"menu_order":0,"comment_status":"closed","ping_status":"closed","template":"","meta":{"inline_featured_image":false,"footnotes":""},"class_list":["post-1723","page","type-page","status-publish","hentry"],"acf":[],"yoast_head":"<!-- This site is optimized with the Yoast SEO plugin v19.13 - https:\/\/yoast.com\/wordpress\/plugins\/seo\/ -->\n<title>La divulgation des risques Sallix Capital<\/title>\n<meta name=\"description\" content=\"Consultez l&#039;accord de divulgation des risques Sallix Capital ici. Nous conseillons \u00e0 tous nos commer\u00e7ants de lire et d&#039;accepter le contenu de cet accord avant de n\u00e9gocier avec nous.\" \/>\n<meta name=\"robots\" content=\"noindex, follow, max-snippet:-1, max-image-preview:large, max-video-preview:-1\" \/>\n<meta property=\"og:locale\" content=\"fr_FR\" \/>\n<meta property=\"og:type\" content=\"article\" \/>\n<meta property=\"og:title\" content=\"La divulgation des risques Sallix Capital\" \/>\n<meta property=\"og:description\" content=\"Consultez l&#039;accord de divulgation des risques Sallix Capital ici. Nous conseillons \u00e0 tous nos commer\u00e7ants de lire et d&#039;accepter le contenu de cet accord avant de n\u00e9gocier avec nous.\" \/>\n<meta property=\"og:url\" content=\"https:\/\/sallixmarkets.rudetings.com\/fr\/risk-disclosure\/\" \/>\n<meta property=\"og:site_name\" content=\"staging.sallixcapital.com\" \/>\n<meta property=\"article:modified_time\" content=\"2022-12-23T10:54:59+00:00\" \/>\n<meta name=\"twitter:card\" content=\"summary_large_image\" \/>\n<meta name=\"twitter:title\" content=\"La divulgation des risques Sallix Capital\" \/>\n<meta name=\"twitter:description\" content=\"Consultez l&#039;accord de divulgation des risques Sallix Capital ici. Nous conseillons \u00e0 tous nos commer\u00e7ants de lire et d&#039;accepter le contenu de cet accord avant de n\u00e9gocier avec nous.\" \/>\n<script type=\"application\/ld+json\" class=\"yoast-schema-graph\">{\"@context\":\"https:\/\/schema.org\",\"@graph\":[{\"@type\":\"WebPage\",\"@id\":\"https:\/\/sallixmarkets.rudetings.com\/fr\/risk-disclosure\/\",\"url\":\"https:\/\/sallixmarkets.rudetings.com\/fr\/risk-disclosure\/\",\"name\":\"La divulgation des risques Sallix Capital\",\"isPartOf\":{\"@id\":\"https:\/\/sallixmarkets.rudetings.com\/#website\"},\"datePublished\":\"2022-09-21T12:36:51+00:00\",\"dateModified\":\"2022-12-23T10:54:59+00:00\",\"description\":\"Consultez l'accord de divulgation des risques Sallix Capital ici. Nous conseillons \u00e0 tous nos commer\u00e7ants de lire et d'accepter le contenu de cet accord avant de n\u00e9gocier avec nous.\",\"breadcrumb\":{\"@id\":\"https:\/\/sallixmarkets.rudetings.com\/fr\/risk-disclosure\/#breadcrumb\"},\"inLanguage\":\"fr-FR\",\"potentialAction\":[{\"@type\":\"ReadAction\",\"target\":[\"https:\/\/sallixmarkets.rudetings.com\/fr\/risk-disclosure\/\"]}]},{\"@type\":\"BreadcrumbList\",\"@id\":\"https:\/\/sallixmarkets.rudetings.com\/fr\/risk-disclosure\/#breadcrumb\",\"itemListElement\":[{\"@type\":\"ListItem\",\"position\":1,\"name\":\"Home\",\"item\":\"https:\/\/sallixmarkets.rudetings.com\/fr\/\"},{\"@type\":\"ListItem\",\"position\":2,\"name\":\"Risk Disclosure\"}]},{\"@type\":\"WebSite\",\"@id\":\"https:\/\/sallixmarkets.rudetings.com\/#website\",\"url\":\"https:\/\/sallixmarkets.rudetings.com\/\",\"name\":\"staging.sallixcapital.com\",\"description\":\"Just another WordPress site\",\"potentialAction\":[{\"@type\":\"SearchAction\",\"target\":{\"@type\":\"EntryPoint\",\"urlTemplate\":\"https:\/\/sallixmarkets.rudetings.com\/?s={search_term_string}\"},\"query-input\":\"required name=search_term_string\"}],\"inLanguage\":\"fr-FR\"}]}<\/script>\n<!-- \/ Yoast SEO plugin. -->","yoast_head_json":{"title":"La divulgation des risques Sallix Capital","description":"Consultez l'accord de divulgation des risques Sallix Capital ici. Nous conseillons \u00e0 tous nos commer\u00e7ants de lire et d'accepter le contenu de cet accord avant de n\u00e9gocier avec nous.","robots":{"index":"noindex","follow":"follow","max-snippet":"max-snippet:-1","max-image-preview":"max-image-preview:large","max-video-preview":"max-video-preview:-1"},"og_locale":"fr_FR","og_type":"article","og_title":"La divulgation des risques Sallix Capital","og_description":"Consultez l'accord de divulgation des risques Sallix Capital ici. Nous conseillons \u00e0 tous nos commer\u00e7ants de lire et d'accepter le contenu de cet accord avant de n\u00e9gocier avec nous.","og_url":"https:\/\/sallixmarkets.rudetings.com\/fr\/risk-disclosure\/","og_site_name":"staging.sallixcapital.com","article_modified_time":"2022-12-23T10:54:59+00:00","twitter_card":"summary_large_image","twitter_title":"La divulgation des risques Sallix Capital","twitter_description":"Consultez l'accord de divulgation des risques Sallix Capital ici. Nous conseillons \u00e0 tous nos commer\u00e7ants de lire et d'accepter le contenu de cet accord avant de n\u00e9gocier avec nous.","schema":{"@context":"https:\/\/schema.org","@graph":[{"@type":"WebPage","@id":"https:\/\/sallixmarkets.rudetings.com\/fr\/risk-disclosure\/","url":"https:\/\/sallixmarkets.rudetings.com\/fr\/risk-disclosure\/","name":"La divulgation des risques Sallix Capital","isPartOf":{"@id":"https:\/\/sallixmarkets.rudetings.com\/#website"},"datePublished":"2022-09-21T12:36:51+00:00","dateModified":"2022-12-23T10:54:59+00:00","description":"Consultez l'accord de divulgation des risques Sallix Capital ici. Nous conseillons \u00e0 tous nos commer\u00e7ants de lire et d'accepter le contenu de cet accord avant de n\u00e9gocier avec nous.","breadcrumb":{"@id":"https:\/\/sallixmarkets.rudetings.com\/fr\/risk-disclosure\/#breadcrumb"},"inLanguage":"fr-FR","potentialAction":[{"@type":"ReadAction","target":["https:\/\/sallixmarkets.rudetings.com\/fr\/risk-disclosure\/"]}]},{"@type":"BreadcrumbList","@id":"https:\/\/sallixmarkets.rudetings.com\/fr\/risk-disclosure\/#breadcrumb","itemListElement":[{"@type":"ListItem","position":1,"name":"Home","item":"https:\/\/sallixmarkets.rudetings.com\/fr\/"},{"@type":"ListItem","position":2,"name":"Risk Disclosure"}]},{"@type":"WebSite","@id":"https:\/\/sallixmarkets.rudetings.com\/#website","url":"https:\/\/sallixmarkets.rudetings.com\/","name":"staging.sallixcapital.com","description":"Just another WordPress site","potentialAction":[{"@type":"SearchAction","target":{"@type":"EntryPoint","urlTemplate":"https:\/\/sallixmarkets.rudetings.com\/?s={search_term_string}"},"query-input":"required name=search_term_string"}],"inLanguage":"fr-FR"}]}},"_links":{"self":[{"href":"https:\/\/sallixmarkets.rudetings.com\/fr\/wp-json\/wp\/v2\/pages\/1723","targetHints":{"allow":["GET"]}}],"collection":[{"href":"https:\/\/sallixmarkets.rudetings.com\/fr\/wp-json\/wp\/v2\/pages"}],"about":[{"href":"https:\/\/sallixmarkets.rudetings.com\/fr\/wp-json\/wp\/v2\/types\/page"}],"author":[{"embeddable":true,"href":"https:\/\/sallixmarkets.rudetings.com\/fr\/wp-json\/wp\/v2\/users\/1"}],"replies":[{"embeddable":true,"href":"https:\/\/sallixmarkets.rudetings.com\/fr\/wp-json\/wp\/v2\/comments?post=1723"}],"version-history":[{"count":1,"href":"https:\/\/sallixmarkets.rudetings.com\/fr\/wp-json\/wp\/v2\/pages\/1723\/revisions"}],"predecessor-version":[{"id":3026,"href":"https:\/\/sallixmarkets.rudetings.com\/fr\/wp-json\/wp\/v2\/pages\/1723\/revisions\/3026"}],"wp:attachment":[{"href":"https:\/\/sallixmarkets.rudetings.com\/fr\/wp-json\/wp\/v2\/media?parent=1723"}],"curies":[{"name":"wp","href":"https:\/\/api.w.org\/{rel}","templated":true}]}}