{"id":1759,"date":"2022-09-16T07:58:21","date_gmt":"2022-09-16T07:58:21","guid":{"rendered":"https:\/\/staging.Sallixcapital.com\/trading-the-markets\/"},"modified":"2022-12-27T09:30:15","modified_gmt":"2022-12-27T09:30:15","slug":"trading-the-markets","status":"publish","type":"page","link":"https:\/\/sallixmarkets.rudetings.com\/fr\/trading-the-markets\/","title":{"rendered":"Markets"},"content":{"rendered":"","protected":false},"excerpt":{"rendered":"","protected":false},"author":1,"featured_media":0,"parent":0,"menu_order":0,"comment_status":"closed","ping_status":"closed","template":"page-markets.php","meta":{"inline_featured_image":false,"footnotes":""},"class_list":["post-1759","page","type-page","status-publish","hentry"],"acf":[],"yoast_head":"<!-- This site is optimized with the Yoast SEO plugin v19.13 - https:\/\/yoast.com\/wordpress\/plugins\/seo\/ -->\n<title>N\u00e9gociez sur les march\u00e9s financiers avec Sallix Capital !<\/title>\n<meta name=\"description\" content=\"N\u00e9gociez sur les march\u00e9s avec Sallix Capital et commencez \u00e0 vous sentir autonome d\u00e8s que vous enregistrez votre compte de trading !\" \/>\n<meta name=\"robots\" content=\"noindex, follow, max-snippet:-1, max-image-preview:large, max-video-preview:-1\" \/>\n<meta property=\"og:locale\" content=\"fr_FR\" \/>\n<meta property=\"og:type\" content=\"article\" \/>\n<meta property=\"og:title\" content=\"N\u00e9gociez sur les march\u00e9s financiers avec Sallix Capital !\" \/>\n<meta property=\"og:description\" content=\"N\u00e9gociez sur les march\u00e9s avec Sallix Capital et commencez \u00e0 vous sentir autonome d\u00e8s que vous enregistrez votre compte de trading !\" \/>\n<meta property=\"og:url\" content=\"https:\/\/sallixmarkets.rudetings.com\/fr\/trading-the-markets\/\" \/>\n<meta property=\"og:site_name\" content=\"staging.sallixcapital.com\" \/>\n<meta property=\"article:modified_time\" content=\"2022-12-27T09:30:15+00:00\" \/>\n<meta name=\"twitter:card\" content=\"summary_large_image\" \/>\n<meta name=\"twitter:title\" content=\"N\u00e9gociez sur les march\u00e9s financiers avec Sallix Capital !\" \/>\n<meta name=\"twitter:description\" content=\"N\u00e9gociez sur les march\u00e9s avec Sallix Capital et commencez \u00e0 vous sentir autonome d\u00e8s que vous enregistrez votre compte de trading !\" \/>\n<script type=\"application\/ld+json\" class=\"yoast-schema-graph\">{\"@context\":\"https:\/\/schema.org\",\"@graph\":[{\"@type\":\"WebPage\",\"@id\":\"https:\/\/sallixmarkets.rudetings.com\/fr\/trading-the-markets\/\",\"url\":\"https:\/\/sallixmarkets.rudetings.com\/fr\/trading-the-markets\/\",\"name\":\"N\u00e9gociez sur les march\u00e9s financiers avec Sallix Capital !\",\"isPartOf\":{\"@id\":\"https:\/\/sallixmarkets.rudetings.com\/#website\"},\"datePublished\":\"2022-09-16T07:58:21+00:00\",\"dateModified\":\"2022-12-27T09:30:15+00:00\",\"description\":\"N\u00e9gociez sur les march\u00e9s avec Sallix Capital et commencez \u00e0 vous sentir autonome d\u00e8s que vous enregistrez votre compte de trading !\",\"breadcrumb\":{\"@id\":\"https:\/\/sallixmarkets.rudetings.com\/fr\/trading-the-markets\/#breadcrumb\"},\"inLanguage\":\"fr-FR\",\"potentialAction\":[{\"@type\":\"ReadAction\",\"target\":[\"https:\/\/sallixmarkets.rudetings.com\/fr\/trading-the-markets\/\"]}]},{\"@type\":\"BreadcrumbList\",\"@id\":\"https:\/\/sallixmarkets.rudetings.com\/fr\/trading-the-markets\/#breadcrumb\",\"itemListElement\":[{\"@type\":\"ListItem\",\"position\":1,\"name\":\"Home\",\"item\":\"https:\/\/sallixmarkets.rudetings.com\/fr\/\"},{\"@type\":\"ListItem\",\"position\":2,\"name\":\"Markets\"}]},{\"@type\":\"WebSite\",\"@id\":\"https:\/\/sallixmarkets.rudetings.com\/#website\",\"url\":\"https:\/\/sallixmarkets.rudetings.com\/\",\"name\":\"staging.sallixcapital.com\",\"description\":\"Just another WordPress site\",\"potentialAction\":[{\"@type\":\"SearchAction\",\"target\":{\"@type\":\"EntryPoint\",\"urlTemplate\":\"https:\/\/sallixmarkets.rudetings.com\/?s={search_term_string}\"},\"query-input\":\"required name=search_term_string\"}],\"inLanguage\":\"fr-FR\"}]}<\/script>\n<!-- \/ Yoast SEO plugin. -->","yoast_head_json":{"title":"N\u00e9gociez sur les march\u00e9s financiers avec Sallix Capital !","description":"N\u00e9gociez sur les march\u00e9s avec Sallix Capital et commencez \u00e0 vous sentir autonome d\u00e8s que vous enregistrez votre compte de trading !","robots":{"index":"noindex","follow":"follow","max-snippet":"max-snippet:-1","max-image-preview":"max-image-preview:large","max-video-preview":"max-video-preview:-1"},"og_locale":"fr_FR","og_type":"article","og_title":"N\u00e9gociez sur les march\u00e9s financiers avec Sallix Capital !","og_description":"N\u00e9gociez sur les march\u00e9s avec Sallix Capital et commencez \u00e0 vous sentir autonome d\u00e8s que vous enregistrez votre compte de trading !","og_url":"https:\/\/sallixmarkets.rudetings.com\/fr\/trading-the-markets\/","og_site_name":"staging.sallixcapital.com","article_modified_time":"2022-12-27T09:30:15+00:00","twitter_card":"summary_large_image","twitter_title":"N\u00e9gociez sur les march\u00e9s financiers avec Sallix Capital !","twitter_description":"N\u00e9gociez sur les march\u00e9s avec Sallix Capital et commencez \u00e0 vous sentir autonome d\u00e8s que vous enregistrez votre compte de trading !","schema":{"@context":"https:\/\/schema.org","@graph":[{"@type":"WebPage","@id":"https:\/\/sallixmarkets.rudetings.com\/fr\/trading-the-markets\/","url":"https:\/\/sallixmarkets.rudetings.com\/fr\/trading-the-markets\/","name":"N\u00e9gociez sur les march\u00e9s financiers avec Sallix Capital !","isPartOf":{"@id":"https:\/\/sallixmarkets.rudetings.com\/#website"},"datePublished":"2022-09-16T07:58:21+00:00","dateModified":"2022-12-27T09:30:15+00:00","description":"N\u00e9gociez sur les march\u00e9s avec Sallix Capital et commencez \u00e0 vous sentir autonome d\u00e8s que vous enregistrez votre compte de trading !","breadcrumb":{"@id":"https:\/\/sallixmarkets.rudetings.com\/fr\/trading-the-markets\/#breadcrumb"},"inLanguage":"fr-FR","potentialAction":[{"@type":"ReadAction","target":["https:\/\/sallixmarkets.rudetings.com\/fr\/trading-the-markets\/"]}]},{"@type":"BreadcrumbList","@id":"https:\/\/sallixmarkets.rudetings.com\/fr\/trading-the-markets\/#breadcrumb","itemListElement":[{"@type":"ListItem","position":1,"name":"Home","item":"https:\/\/sallixmarkets.rudetings.com\/fr\/"},{"@type":"ListItem","position":2,"name":"Markets"}]},{"@type":"WebSite","@id":"https:\/\/sallixmarkets.rudetings.com\/#website","url":"https:\/\/sallixmarkets.rudetings.com\/","name":"staging.sallixcapital.com","description":"Just another WordPress site","potentialAction":[{"@type":"SearchAction","target":{"@type":"EntryPoint","urlTemplate":"https:\/\/sallixmarkets.rudetings.com\/?s={search_term_string}"},"query-input":"required name=search_term_string"}],"inLanguage":"fr-FR"}]}},"_links":{"self":[{"href":"https:\/\/sallixmarkets.rudetings.com\/fr\/wp-json\/wp\/v2\/pages\/1759","targetHints":{"allow":["GET"]}}],"collection":[{"href":"https:\/\/sallixmarkets.rudetings.com\/fr\/wp-json\/wp\/v2\/pages"}],"about":[{"href":"https:\/\/sallixmarkets.rudetings.com\/fr\/wp-json\/wp\/v2\/types\/page"}],"author":[{"embeddable":true,"href":"https:\/\/sallixmarkets.rudetings.com\/fr\/wp-json\/wp\/v2\/users\/1"}],"replies":[{"embeddable":true,"href":"https:\/\/sallixmarkets.rudetings.com\/fr\/wp-json\/wp\/v2\/comments?post=1759"}],"version-history":[{"count":2,"href":"https:\/\/sallixmarkets.rudetings.com\/fr\/wp-json\/wp\/v2\/pages\/1759\/revisions"}],"predecessor-version":[{"id":2978,"href":"https:\/\/sallixmarkets.rudetings.com\/fr\/wp-json\/wp\/v2\/pages\/1759\/revisions\/2978"}],"wp:attachment":[{"href":"https:\/\/sallixmarkets.rudetings.com\/fr\/wp-json\/wp\/v2\/media?parent=1759"}],"curies":[{"name":"wp","href":"https:\/\/api.w.org\/{rel}","templated":true}]}}