{"id":1771,"date":"2022-09-16T07:57:33","date_gmt":"2022-09-16T07:57:33","guid":{"rendered":"https:\/\/staging.Sallixcapital.com\/funding-your-account\/"},"modified":"2022-12-27T11:21:37","modified_gmt":"2022-12-27T11:21:37","slug":"funding-your-account","status":"publish","type":"page","link":"https:\/\/sallixmarkets.rudetings.com\/fr\/funding-your-account\/","title":{"rendered":"Deposits and Withdrawals"},"content":{"rendered":"","protected":false},"excerpt":{"rendered":"","protected":false},"author":1,"featured_media":0,"parent":0,"menu_order":0,"comment_status":"closed","ping_status":"closed","template":"page-deposit.php","meta":{"inline_featured_image":false,"footnotes":""},"class_list":["post-1771","page","type-page","status-publish","hentry"],"acf":[],"yoast_head":"<!-- This site is optimized with the Yoast SEO plugin v19.13 - https:\/\/yoast.com\/wordpress\/plugins\/seo\/ -->\n<title>Le processus de financement et d&#039;investissement Sallix Capital<\/title>\n<meta name=\"description\" content=\"Chez Sallix Capital, nous avons rendu le processus de d\u00e9p\u00f4t et de retrait simple, mais s\u00e9curis\u00e9. Lisez la suite pour voir comment vous pouvez investir dans votre compte de trading.\" \/>\n<meta name=\"robots\" content=\"noindex, follow, max-snippet:-1, max-image-preview:large, max-video-preview:-1\" \/>\n<meta property=\"og:locale\" content=\"fr_FR\" \/>\n<meta property=\"og:type\" content=\"article\" \/>\n<meta property=\"og:title\" content=\"Le processus de financement et d&#039;investissement Sallix Capital\" \/>\n<meta property=\"og:description\" content=\"Chez Sallix Capital, nous avons rendu le processus de d\u00e9p\u00f4t et de retrait simple, mais s\u00e9curis\u00e9. Lisez la suite pour voir comment vous pouvez investir dans votre compte de trading.\" \/>\n<meta property=\"og:url\" content=\"https:\/\/sallixmarkets.rudetings.com\/fr\/funding-your-account\/\" \/>\n<meta property=\"og:site_name\" content=\"staging.sallixcapital.com\" \/>\n<meta property=\"article:modified_time\" content=\"2022-12-27T11:21:37+00:00\" \/>\n<meta name=\"twitter:card\" content=\"summary_large_image\" \/>\n<meta name=\"twitter:title\" content=\"Le processus de financement et d&#039;investissement Sallix Capital\" \/>\n<meta name=\"twitter:description\" content=\"Chez Sallix Capital, nous avons rendu le processus de d\u00e9p\u00f4t et de retrait simple, mais s\u00e9curis\u00e9. Lisez la suite pour voir comment vous pouvez investir dans votre compte de trading.\" \/>\n<script type=\"application\/ld+json\" class=\"yoast-schema-graph\">{\"@context\":\"https:\/\/schema.org\",\"@graph\":[{\"@type\":\"WebPage\",\"@id\":\"https:\/\/sallixmarkets.rudetings.com\/fr\/funding-your-account\/\",\"url\":\"https:\/\/sallixmarkets.rudetings.com\/fr\/funding-your-account\/\",\"name\":\"Le processus de financement et d'investissement Sallix Capital\",\"isPartOf\":{\"@id\":\"https:\/\/sallixmarkets.rudetings.com\/#website\"},\"datePublished\":\"2022-09-16T07:57:33+00:00\",\"dateModified\":\"2022-12-27T11:21:37+00:00\",\"description\":\"Chez Sallix Capital, nous avons rendu le processus de d\u00e9p\u00f4t et de retrait simple, mais s\u00e9curis\u00e9. Lisez la suite pour voir comment vous pouvez investir dans votre compte de trading.\",\"breadcrumb\":{\"@id\":\"https:\/\/sallixmarkets.rudetings.com\/fr\/funding-your-account\/#breadcrumb\"},\"inLanguage\":\"fr-FR\",\"potentialAction\":[{\"@type\":\"ReadAction\",\"target\":[\"https:\/\/sallixmarkets.rudetings.com\/fr\/funding-your-account\/\"]}]},{\"@type\":\"BreadcrumbList\",\"@id\":\"https:\/\/sallixmarkets.rudetings.com\/fr\/funding-your-account\/#breadcrumb\",\"itemListElement\":[{\"@type\":\"ListItem\",\"position\":1,\"name\":\"Home\",\"item\":\"https:\/\/sallixmarkets.rudetings.com\/fr\/\"},{\"@type\":\"ListItem\",\"position\":2,\"name\":\"Deposits and Withdrawals\"}]},{\"@type\":\"WebSite\",\"@id\":\"https:\/\/sallixmarkets.rudetings.com\/#website\",\"url\":\"https:\/\/sallixmarkets.rudetings.com\/\",\"name\":\"staging.sallixcapital.com\",\"description\":\"Just another WordPress site\",\"potentialAction\":[{\"@type\":\"SearchAction\",\"target\":{\"@type\":\"EntryPoint\",\"urlTemplate\":\"https:\/\/sallixmarkets.rudetings.com\/?s={search_term_string}\"},\"query-input\":\"required name=search_term_string\"}],\"inLanguage\":\"fr-FR\"}]}<\/script>\n<!-- \/ Yoast SEO plugin. -->","yoast_head_json":{"title":"Le processus de financement et d'investissement Sallix Capital","description":"Chez Sallix Capital, nous avons rendu le processus de d\u00e9p\u00f4t et de retrait simple, mais s\u00e9curis\u00e9. Lisez la suite pour voir comment vous pouvez investir dans votre compte de trading.","robots":{"index":"noindex","follow":"follow","max-snippet":"max-snippet:-1","max-image-preview":"max-image-preview:large","max-video-preview":"max-video-preview:-1"},"og_locale":"fr_FR","og_type":"article","og_title":"Le processus de financement et d'investissement Sallix Capital","og_description":"Chez Sallix Capital, nous avons rendu le processus de d\u00e9p\u00f4t et de retrait simple, mais s\u00e9curis\u00e9. Lisez la suite pour voir comment vous pouvez investir dans votre compte de trading.","og_url":"https:\/\/sallixmarkets.rudetings.com\/fr\/funding-your-account\/","og_site_name":"staging.sallixcapital.com","article_modified_time":"2022-12-27T11:21:37+00:00","twitter_card":"summary_large_image","twitter_title":"Le processus de financement et d'investissement Sallix Capital","twitter_description":"Chez Sallix Capital, nous avons rendu le processus de d\u00e9p\u00f4t et de retrait simple, mais s\u00e9curis\u00e9. Lisez la suite pour voir comment vous pouvez investir dans votre compte de trading.","schema":{"@context":"https:\/\/schema.org","@graph":[{"@type":"WebPage","@id":"https:\/\/sallixmarkets.rudetings.com\/fr\/funding-your-account\/","url":"https:\/\/sallixmarkets.rudetings.com\/fr\/funding-your-account\/","name":"Le processus de financement et d'investissement Sallix Capital","isPartOf":{"@id":"https:\/\/sallixmarkets.rudetings.com\/#website"},"datePublished":"2022-09-16T07:57:33+00:00","dateModified":"2022-12-27T11:21:37+00:00","description":"Chez Sallix Capital, nous avons rendu le processus de d\u00e9p\u00f4t et de retrait simple, mais s\u00e9curis\u00e9. Lisez la suite pour voir comment vous pouvez investir dans votre compte de trading.","breadcrumb":{"@id":"https:\/\/sallixmarkets.rudetings.com\/fr\/funding-your-account\/#breadcrumb"},"inLanguage":"fr-FR","potentialAction":[{"@type":"ReadAction","target":["https:\/\/sallixmarkets.rudetings.com\/fr\/funding-your-account\/"]}]},{"@type":"BreadcrumbList","@id":"https:\/\/sallixmarkets.rudetings.com\/fr\/funding-your-account\/#breadcrumb","itemListElement":[{"@type":"ListItem","position":1,"name":"Home","item":"https:\/\/sallixmarkets.rudetings.com\/fr\/"},{"@type":"ListItem","position":2,"name":"Deposits and Withdrawals"}]},{"@type":"WebSite","@id":"https:\/\/sallixmarkets.rudetings.com\/#website","url":"https:\/\/sallixmarkets.rudetings.com\/","name":"staging.sallixcapital.com","description":"Just another WordPress site","potentialAction":[{"@type":"SearchAction","target":{"@type":"EntryPoint","urlTemplate":"https:\/\/sallixmarkets.rudetings.com\/?s={search_term_string}"},"query-input":"required name=search_term_string"}],"inLanguage":"fr-FR"}]}},"_links":{"self":[{"href":"https:\/\/sallixmarkets.rudetings.com\/fr\/wp-json\/wp\/v2\/pages\/1771","targetHints":{"allow":["GET"]}}],"collection":[{"href":"https:\/\/sallixmarkets.rudetings.com\/fr\/wp-json\/wp\/v2\/pages"}],"about":[{"href":"https:\/\/sallixmarkets.rudetings.com\/fr\/wp-json\/wp\/v2\/types\/page"}],"author":[{"embeddable":true,"href":"https:\/\/sallixmarkets.rudetings.com\/fr\/wp-json\/wp\/v2\/users\/1"}],"replies":[{"embeddable":true,"href":"https:\/\/sallixmarkets.rudetings.com\/fr\/wp-json\/wp\/v2\/comments?post=1771"}],"version-history":[{"count":9,"href":"https:\/\/sallixmarkets.rudetings.com\/fr\/wp-json\/wp\/v2\/pages\/1771\/revisions"}],"predecessor-version":[{"id":3104,"href":"https:\/\/sallixmarkets.rudetings.com\/fr\/wp-json\/wp\/v2\/pages\/1771\/revisions\/3104"}],"wp:attachment":[{"href":"https:\/\/sallixmarkets.rudetings.com\/fr\/wp-json\/wp\/v2\/media?parent=1771"}],"curies":[{"name":"wp","href":"https:\/\/api.w.org\/{rel}","templated":true}]}}