{"id":1775,"date":"2022-09-16T07:53:48","date_gmt":"2022-09-16T07:53:48","guid":{"rendered":"https:\/\/staging.Sallixcapital.com\/our-regulation\/"},"modified":"2022-12-28T11:07:20","modified_gmt":"2022-12-28T11:07:20","slug":"our-regulation","status":"publish","type":"page","link":"https:\/\/sallixmarkets.rudetings.com\/fr\/our-regulation\/","title":{"rendered":"Regulation"},"content":{"rendered":"","protected":false},"excerpt":{"rendered":"","protected":false},"author":1,"featured_media":0,"parent":0,"menu_order":0,"comment_status":"closed","ping_status":"closed","template":"page-regulation.php","meta":{"inline_featured_image":false,"footnotes":""},"class_list":["post-1775","page","type-page","status-publish","hentry"],"acf":[],"yoast_head":"<!-- This site is optimized with the Yoast SEO plugin v19.13 - https:\/\/yoast.com\/wordpress\/plugins\/seo\/ -->\n<title>Sallix Capital\u2019 R\u00e9gulation<\/title>\n<meta name=\"description\" content=\"En mati\u00e8re de r\u00e9glementation, Sallix Capital est l&#039;un des leaders. Nous prenons la r\u00e9glementation tr\u00e8s au s\u00e9rieux. Lisez la suite pour savoir comment et pourquoi.\" \/>\n<meta name=\"robots\" content=\"noindex, follow, max-snippet:-1, max-image-preview:large, max-video-preview:-1\" \/>\n<meta property=\"og:locale\" content=\"fr_FR\" \/>\n<meta property=\"og:type\" content=\"article\" \/>\n<meta property=\"og:title\" content=\"Sallix Capital\u2019 R\u00e9gulation\" \/>\n<meta property=\"og:description\" content=\"En mati\u00e8re de r\u00e9glementation, Sallix Capital est l&#039;un des leaders. Nous prenons la r\u00e9glementation tr\u00e8s au s\u00e9rieux. Lisez la suite pour savoir comment et pourquoi.\" \/>\n<meta property=\"og:url\" content=\"https:\/\/sallixmarkets.rudetings.com\/fr\/our-regulation\/\" \/>\n<meta property=\"og:site_name\" content=\"staging.sallixcapital.com\" \/>\n<meta property=\"article:modified_time\" content=\"2022-12-28T11:07:20+00:00\" \/>\n<meta name=\"twitter:card\" content=\"summary_large_image\" \/>\n<meta name=\"twitter:title\" content=\"Sallix Capital\u2019 R\u00e9gulation\" \/>\n<meta name=\"twitter:description\" content=\"En mati\u00e8re de r\u00e9glementation, Sallix Capital est l&#039;un des leaders. Nous prenons la r\u00e9glementation tr\u00e8s au s\u00e9rieux. Lisez la suite pour savoir comment et pourquoi.\" \/>\n<script type=\"application\/ld+json\" class=\"yoast-schema-graph\">{\"@context\":\"https:\/\/schema.org\",\"@graph\":[{\"@type\":\"WebPage\",\"@id\":\"https:\/\/sallixmarkets.rudetings.com\/fr\/our-regulation\/\",\"url\":\"https:\/\/sallixmarkets.rudetings.com\/fr\/our-regulation\/\",\"name\":\"Sallix Capital\u2019 R\u00e9gulation\",\"isPartOf\":{\"@id\":\"https:\/\/sallixmarkets.rudetings.com\/#website\"},\"datePublished\":\"2022-09-16T07:53:48+00:00\",\"dateModified\":\"2022-12-28T11:07:20+00:00\",\"description\":\"En mati\u00e8re de r\u00e9glementation, Sallix Capital est l'un des leaders. Nous prenons la r\u00e9glementation tr\u00e8s au s\u00e9rieux. Lisez la suite pour savoir comment et pourquoi.\",\"breadcrumb\":{\"@id\":\"https:\/\/sallixmarkets.rudetings.com\/fr\/our-regulation\/#breadcrumb\"},\"inLanguage\":\"fr-FR\",\"potentialAction\":[{\"@type\":\"ReadAction\",\"target\":[\"https:\/\/sallixmarkets.rudetings.com\/fr\/our-regulation\/\"]}]},{\"@type\":\"BreadcrumbList\",\"@id\":\"https:\/\/sallixmarkets.rudetings.com\/fr\/our-regulation\/#breadcrumb\",\"itemListElement\":[{\"@type\":\"ListItem\",\"position\":1,\"name\":\"Home\",\"item\":\"https:\/\/sallixmarkets.rudetings.com\/fr\/\"},{\"@type\":\"ListItem\",\"position\":2,\"name\":\"Regulation\"}]},{\"@type\":\"WebSite\",\"@id\":\"https:\/\/sallixmarkets.rudetings.com\/#website\",\"url\":\"https:\/\/sallixmarkets.rudetings.com\/\",\"name\":\"staging.sallixcapital.com\",\"description\":\"Just another WordPress site\",\"potentialAction\":[{\"@type\":\"SearchAction\",\"target\":{\"@type\":\"EntryPoint\",\"urlTemplate\":\"https:\/\/sallixmarkets.rudetings.com\/?s={search_term_string}\"},\"query-input\":\"required name=search_term_string\"}],\"inLanguage\":\"fr-FR\"}]}<\/script>\n<!-- \/ Yoast SEO plugin. -->","yoast_head_json":{"title":"Sallix Capital\u2019 R\u00e9gulation","description":"En mati\u00e8re de r\u00e9glementation, Sallix Capital est l'un des leaders. Nous prenons la r\u00e9glementation tr\u00e8s au s\u00e9rieux. Lisez la suite pour savoir comment et pourquoi.","robots":{"index":"noindex","follow":"follow","max-snippet":"max-snippet:-1","max-image-preview":"max-image-preview:large","max-video-preview":"max-video-preview:-1"},"og_locale":"fr_FR","og_type":"article","og_title":"Sallix Capital\u2019 R\u00e9gulation","og_description":"En mati\u00e8re de r\u00e9glementation, Sallix Capital est l'un des leaders. Nous prenons la r\u00e9glementation tr\u00e8s au s\u00e9rieux. Lisez la suite pour savoir comment et pourquoi.","og_url":"https:\/\/sallixmarkets.rudetings.com\/fr\/our-regulation\/","og_site_name":"staging.sallixcapital.com","article_modified_time":"2022-12-28T11:07:20+00:00","twitter_card":"summary_large_image","twitter_title":"Sallix Capital\u2019 R\u00e9gulation","twitter_description":"En mati\u00e8re de r\u00e9glementation, Sallix Capital est l'un des leaders. Nous prenons la r\u00e9glementation tr\u00e8s au s\u00e9rieux. Lisez la suite pour savoir comment et pourquoi.","schema":{"@context":"https:\/\/schema.org","@graph":[{"@type":"WebPage","@id":"https:\/\/sallixmarkets.rudetings.com\/fr\/our-regulation\/","url":"https:\/\/sallixmarkets.rudetings.com\/fr\/our-regulation\/","name":"Sallix Capital\u2019 R\u00e9gulation","isPartOf":{"@id":"https:\/\/sallixmarkets.rudetings.com\/#website"},"datePublished":"2022-09-16T07:53:48+00:00","dateModified":"2022-12-28T11:07:20+00:00","description":"En mati\u00e8re de r\u00e9glementation, Sallix Capital est l'un des leaders. Nous prenons la r\u00e9glementation tr\u00e8s au s\u00e9rieux. Lisez la suite pour savoir comment et pourquoi.","breadcrumb":{"@id":"https:\/\/sallixmarkets.rudetings.com\/fr\/our-regulation\/#breadcrumb"},"inLanguage":"fr-FR","potentialAction":[{"@type":"ReadAction","target":["https:\/\/sallixmarkets.rudetings.com\/fr\/our-regulation\/"]}]},{"@type":"BreadcrumbList","@id":"https:\/\/sallixmarkets.rudetings.com\/fr\/our-regulation\/#breadcrumb","itemListElement":[{"@type":"ListItem","position":1,"name":"Home","item":"https:\/\/sallixmarkets.rudetings.com\/fr\/"},{"@type":"ListItem","position":2,"name":"Regulation"}]},{"@type":"WebSite","@id":"https:\/\/sallixmarkets.rudetings.com\/#website","url":"https:\/\/sallixmarkets.rudetings.com\/","name":"staging.sallixcapital.com","description":"Just another WordPress site","potentialAction":[{"@type":"SearchAction","target":{"@type":"EntryPoint","urlTemplate":"https:\/\/sallixmarkets.rudetings.com\/?s={search_term_string}"},"query-input":"required name=search_term_string"}],"inLanguage":"fr-FR"}]}},"_links":{"self":[{"href":"https:\/\/sallixmarkets.rudetings.com\/fr\/wp-json\/wp\/v2\/pages\/1775","targetHints":{"allow":["GET"]}}],"collection":[{"href":"https:\/\/sallixmarkets.rudetings.com\/fr\/wp-json\/wp\/v2\/pages"}],"about":[{"href":"https:\/\/sallixmarkets.rudetings.com\/fr\/wp-json\/wp\/v2\/types\/page"}],"author":[{"embeddable":true,"href":"https:\/\/sallixmarkets.rudetings.com\/fr\/wp-json\/wp\/v2\/users\/1"}],"replies":[{"embeddable":true,"href":"https:\/\/sallixmarkets.rudetings.com\/fr\/wp-json\/wp\/v2\/comments?post=1775"}],"version-history":[{"count":4,"href":"https:\/\/sallixmarkets.rudetings.com\/fr\/wp-json\/wp\/v2\/pages\/1775\/revisions"}],"predecessor-version":[{"id":3242,"href":"https:\/\/sallixmarkets.rudetings.com\/fr\/wp-json\/wp\/v2\/pages\/1775\/revisions\/3242"}],"wp:attachment":[{"href":"https:\/\/sallixmarkets.rudetings.com\/fr\/wp-json\/wp\/v2\/media?parent=1775"}],"curies":[{"name":"wp","href":"https:\/\/api.w.org\/{rel}","templated":true}]}}