{"id":1787,"date":"2022-09-16T07:52:52","date_gmt":"2022-09-16T07:52:52","guid":{"rendered":"https:\/\/staging.Sallixcapital.com\/help-centre\/"},"modified":"2022-12-30T06:59:06","modified_gmt":"2022-12-30T06:59:06","slug":"help-centre","status":"publish","type":"page","link":"https:\/\/sallixmarkets.rudetings.com\/fr\/help-centre\/","title":{"rendered":"Help Centre"},"content":{"rendered":"","protected":false},"excerpt":{"rendered":"","protected":false},"author":1,"featured_media":0,"parent":0,"menu_order":0,"comment_status":"closed","ping_status":"closed","template":"page-help-centre.php","meta":{"inline_featured_image":false,"footnotes":""},"class_list":["post-1787","page","type-page","status-publish","hentry"],"acf":[],"yoast_head":"<!-- This site is optimized with the Yoast SEO plugin v19.13 - https:\/\/yoast.com\/wordpress\/plugins\/seo\/ -->\n<title>Besoin d&#039;aide? Bienvenue dans le centre d&#039;aide de Sallix Capital !<\/title>\n<meta name=\"description\" content=\"Si vous avez une question \u00e0 laquelle vous devez r\u00e9pondre, n&#039;h\u00e9sitez pas \u00e0 la poser ici dans le centre d&#039;aide Sallix Capital. Nous avons ce qu&#039;il vous faut!\" \/>\n<meta name=\"robots\" content=\"noindex, follow, max-snippet:-1, max-image-preview:large, max-video-preview:-1\" \/>\n<meta property=\"og:locale\" content=\"fr_FR\" \/>\n<meta property=\"og:type\" content=\"article\" \/>\n<meta property=\"og:title\" content=\"Besoin d&#039;aide? Bienvenue dans le centre d&#039;aide de Sallix Capital !\" \/>\n<meta property=\"og:description\" content=\"Si vous avez une question \u00e0 laquelle vous devez r\u00e9pondre, n&#039;h\u00e9sitez pas \u00e0 la poser ici dans le centre d&#039;aide [BRAND]. Nous avons ce qu&#039;il vous faut!\" \/>\n<meta property=\"og:url\" content=\"https:\/\/sallixmarkets.rudetings.com\/fr\/help-centre\/\" \/>\n<meta property=\"og:site_name\" content=\"staging.sallixcapital.com\" \/>\n<meta property=\"article:modified_time\" content=\"2022-12-30T06:59:06+00:00\" \/>\n<meta name=\"twitter:card\" content=\"summary_large_image\" \/>\n<meta name=\"twitter:title\" content=\"Besoin d&#039;aide? Bienvenue dans le centre d&#039;aide de Sallix Capital !\" \/>\n<meta name=\"twitter:description\" content=\"Si vous avez une question \u00e0 laquelle vous devez r\u00e9pondre, n&#039;h\u00e9sitez pas \u00e0 la poser ici dans le centre d&#039;aide [BRAND]. Nous avons ce qu&#039;il vous faut!\" \/>\n<script type=\"application\/ld+json\" class=\"yoast-schema-graph\">{\"@context\":\"https:\/\/schema.org\",\"@graph\":[{\"@type\":\"WebPage\",\"@id\":\"https:\/\/sallixmarkets.rudetings.com\/fr\/help-centre\/\",\"url\":\"https:\/\/sallixmarkets.rudetings.com\/fr\/help-centre\/\",\"name\":\"Besoin d'aide? Bienvenue dans le centre d'aide de Sallix Capital !\",\"isPartOf\":{\"@id\":\"https:\/\/sallixmarkets.rudetings.com\/#website\"},\"datePublished\":\"2022-09-16T07:52:52+00:00\",\"dateModified\":\"2022-12-30T06:59:06+00:00\",\"description\":\"Si vous avez une question \u00e0 laquelle vous devez r\u00e9pondre, n'h\u00e9sitez pas \u00e0 la poser ici dans le centre d'aide Sallix Capital. Nous avons ce qu'il vous faut!\",\"breadcrumb\":{\"@id\":\"https:\/\/sallixmarkets.rudetings.com\/fr\/help-centre\/#breadcrumb\"},\"inLanguage\":\"fr-FR\",\"potentialAction\":[{\"@type\":\"ReadAction\",\"target\":[\"https:\/\/sallixmarkets.rudetings.com\/fr\/help-centre\/\"]}]},{\"@type\":\"BreadcrumbList\",\"@id\":\"https:\/\/sallixmarkets.rudetings.com\/fr\/help-centre\/#breadcrumb\",\"itemListElement\":[{\"@type\":\"ListItem\",\"position\":1,\"name\":\"Home\",\"item\":\"https:\/\/sallixmarkets.rudetings.com\/fr\/\"},{\"@type\":\"ListItem\",\"position\":2,\"name\":\"Help Centre\"}]},{\"@type\":\"WebSite\",\"@id\":\"https:\/\/sallixmarkets.rudetings.com\/#website\",\"url\":\"https:\/\/sallixmarkets.rudetings.com\/\",\"name\":\"staging.sallixcapital.com\",\"description\":\"Just another WordPress site\",\"potentialAction\":[{\"@type\":\"SearchAction\",\"target\":{\"@type\":\"EntryPoint\",\"urlTemplate\":\"https:\/\/sallixmarkets.rudetings.com\/?s={search_term_string}\"},\"query-input\":\"required name=search_term_string\"}],\"inLanguage\":\"fr-FR\"}]}<\/script>\n<!-- \/ Yoast SEO plugin. -->","yoast_head_json":{"title":"Besoin d'aide? Bienvenue dans le centre d'aide de Sallix Capital !","description":"Si vous avez une question \u00e0 laquelle vous devez r\u00e9pondre, n'h\u00e9sitez pas \u00e0 la poser ici dans le centre d'aide Sallix Capital. Nous avons ce qu'il vous faut!","robots":{"index":"noindex","follow":"follow","max-snippet":"max-snippet:-1","max-image-preview":"max-image-preview:large","max-video-preview":"max-video-preview:-1"},"og_locale":"fr_FR","og_type":"article","og_title":"Besoin d'aide? Bienvenue dans le centre d'aide de Sallix Capital !","og_description":"Si vous avez une question \u00e0 laquelle vous devez r\u00e9pondre, n'h\u00e9sitez pas \u00e0 la poser ici dans le centre d'aide [BRAND]. Nous avons ce qu'il vous faut!","og_url":"https:\/\/sallixmarkets.rudetings.com\/fr\/help-centre\/","og_site_name":"staging.sallixcapital.com","article_modified_time":"2022-12-30T06:59:06+00:00","twitter_card":"summary_large_image","twitter_title":"Besoin d'aide? Bienvenue dans le centre d'aide de Sallix Capital !","twitter_description":"Si vous avez une question \u00e0 laquelle vous devez r\u00e9pondre, n'h\u00e9sitez pas \u00e0 la poser ici dans le centre d'aide [BRAND]. Nous avons ce qu'il vous faut!","schema":{"@context":"https:\/\/schema.org","@graph":[{"@type":"WebPage","@id":"https:\/\/sallixmarkets.rudetings.com\/fr\/help-centre\/","url":"https:\/\/sallixmarkets.rudetings.com\/fr\/help-centre\/","name":"Besoin d'aide? Bienvenue dans le centre d'aide de Sallix Capital !","isPartOf":{"@id":"https:\/\/sallixmarkets.rudetings.com\/#website"},"datePublished":"2022-09-16T07:52:52+00:00","dateModified":"2022-12-30T06:59:06+00:00","description":"Si vous avez une question \u00e0 laquelle vous devez r\u00e9pondre, n'h\u00e9sitez pas \u00e0 la poser ici dans le centre d'aide Sallix Capital. Nous avons ce qu'il vous faut!","breadcrumb":{"@id":"https:\/\/sallixmarkets.rudetings.com\/fr\/help-centre\/#breadcrumb"},"inLanguage":"fr-FR","potentialAction":[{"@type":"ReadAction","target":["https:\/\/sallixmarkets.rudetings.com\/fr\/help-centre\/"]}]},{"@type":"BreadcrumbList","@id":"https:\/\/sallixmarkets.rudetings.com\/fr\/help-centre\/#breadcrumb","itemListElement":[{"@type":"ListItem","position":1,"name":"Home","item":"https:\/\/sallixmarkets.rudetings.com\/fr\/"},{"@type":"ListItem","position":2,"name":"Help Centre"}]},{"@type":"WebSite","@id":"https:\/\/sallixmarkets.rudetings.com\/#website","url":"https:\/\/sallixmarkets.rudetings.com\/","name":"staging.sallixcapital.com","description":"Just another WordPress site","potentialAction":[{"@type":"SearchAction","target":{"@type":"EntryPoint","urlTemplate":"https:\/\/sallixmarkets.rudetings.com\/?s={search_term_string}"},"query-input":"required name=search_term_string"}],"inLanguage":"fr-FR"}]}},"_links":{"self":[{"href":"https:\/\/sallixmarkets.rudetings.com\/fr\/wp-json\/wp\/v2\/pages\/1787","targetHints":{"allow":["GET"]}}],"collection":[{"href":"https:\/\/sallixmarkets.rudetings.com\/fr\/wp-json\/wp\/v2\/pages"}],"about":[{"href":"https:\/\/sallixmarkets.rudetings.com\/fr\/wp-json\/wp\/v2\/types\/page"}],"author":[{"embeddable":true,"href":"https:\/\/sallixmarkets.rudetings.com\/fr\/wp-json\/wp\/v2\/users\/1"}],"replies":[{"embeddable":true,"href":"https:\/\/sallixmarkets.rudetings.com\/fr\/wp-json\/wp\/v2\/comments?post=1787"}],"version-history":[{"count":5,"href":"https:\/\/sallixmarkets.rudetings.com\/fr\/wp-json\/wp\/v2\/pages\/1787\/revisions"}],"predecessor-version":[{"id":3316,"href":"https:\/\/sallixmarkets.rudetings.com\/fr\/wp-json\/wp\/v2\/pages\/1787\/revisions\/3316"}],"wp:attachment":[{"href":"https:\/\/sallixmarkets.rudetings.com\/fr\/wp-json\/wp\/v2\/media?parent=1787"}],"curies":[{"name":"wp","href":"https:\/\/api.w.org\/{rel}","templated":true}]}}