{"id":1794,"date":"2022-09-16T06:36:07","date_gmt":"2022-09-16T06:36:07","guid":{"rendered":"https:\/\/staging.Sallixcapital.com\/privacy-policy\/"},"modified":"2022-12-28T14:50:56","modified_gmt":"2022-12-28T14:50:56","slug":"privacy-policy","status":"publish","type":"page","link":"https:\/\/sallixmarkets.rudetings.com\/fr\/privacy-policy\/","title":{"rendered":"Privacy Policy"},"content":{"rendered":"","protected":false},"excerpt":{"rendered":"","protected":false},"author":1,"featured_media":0,"parent":0,"menu_order":0,"comment_status":"closed","ping_status":"closed","template":"","meta":{"inline_featured_image":false,"footnotes":""},"class_list":["post-1794","page","type-page","status-publish","hentry"],"acf":[],"yoast_head":"<!-- This site is optimized with the Yoast SEO plugin v19.13 - https:\/\/yoast.com\/wordpress\/plugins\/seo\/ -->\n<title>Pourquoi Sallix Capital est-elle approuv\u00e9e par les commer\u00e7ants du monde entier ?<\/title>\n<meta name=\"description\" content=\"La principale raison pour laquelle des milliers de commer\u00e7ants du monde entier font confiance \u00e0 Sallix Capital est que nous les consid\u00e9rons comme une famille. Lisez la suite pour voir plus de raisons.\" \/>\n<meta name=\"robots\" content=\"noindex, follow, max-snippet:-1, max-image-preview:large, max-video-preview:-1\" \/>\n<meta property=\"og:locale\" content=\"fr_FR\" \/>\n<meta property=\"og:type\" content=\"article\" \/>\n<meta property=\"og:title\" content=\"Pourquoi Sallix Capital est-elle approuv\u00e9e par les commer\u00e7ants du monde entier ?\" \/>\n<meta property=\"og:description\" content=\"La principale raison pour laquelle des milliers de commer\u00e7ants du monde entier font confiance \u00e0 Sallix Capital est que nous les consid\u00e9rons comme une famille. Lisez la suite pour voir plus de raisons.\" \/>\n<meta property=\"og:url\" content=\"https:\/\/sallixmarkets.rudetings.com\/fr\/privacy-policy\/\" \/>\n<meta property=\"og:site_name\" content=\"staging.sallixcapital.com\" \/>\n<meta property=\"article:modified_time\" content=\"2022-12-28T14:50:56+00:00\" \/>\n<meta name=\"twitter:card\" content=\"summary_large_image\" \/>\n<meta name=\"twitter:title\" content=\"Pourquoi Sallix Capital est-elle approuv\u00e9e par les commer\u00e7ants du monde entier ?\" \/>\n<meta name=\"twitter:description\" content=\"La principale raison pour laquelle des milliers de commer\u00e7ants du monde entier font confiance \u00e0 Sallix Capital est que nous les consid\u00e9rons comme une famille. Lisez la suite pour voir plus de raisons.\" \/>\n<script type=\"application\/ld+json\" class=\"yoast-schema-graph\">{\"@context\":\"https:\/\/schema.org\",\"@graph\":[{\"@type\":\"WebPage\",\"@id\":\"https:\/\/sallixmarkets.rudetings.com\/fr\/privacy-policy\/\",\"url\":\"https:\/\/sallixmarkets.rudetings.com\/fr\/privacy-policy\/\",\"name\":\"Pourquoi Sallix Capital est-elle approuv\u00e9e par les commer\u00e7ants du monde entier ?\",\"isPartOf\":{\"@id\":\"https:\/\/sallixmarkets.rudetings.com\/#website\"},\"datePublished\":\"2022-09-16T06:36:07+00:00\",\"dateModified\":\"2022-12-28T14:50:56+00:00\",\"description\":\"La principale raison pour laquelle des milliers de commer\u00e7ants du monde entier font confiance \u00e0 Sallix Capital est que nous les consid\u00e9rons comme une famille. Lisez la suite pour voir plus de raisons.\",\"breadcrumb\":{\"@id\":\"https:\/\/sallixmarkets.rudetings.com\/fr\/privacy-policy\/#breadcrumb\"},\"inLanguage\":\"fr-FR\",\"potentialAction\":[{\"@type\":\"ReadAction\",\"target\":[\"https:\/\/sallixmarkets.rudetings.com\/fr\/privacy-policy\/\"]}]},{\"@type\":\"BreadcrumbList\",\"@id\":\"https:\/\/sallixmarkets.rudetings.com\/fr\/privacy-policy\/#breadcrumb\",\"itemListElement\":[{\"@type\":\"ListItem\",\"position\":1,\"name\":\"Home\",\"item\":\"https:\/\/sallixmarkets.rudetings.com\/fr\/\"},{\"@type\":\"ListItem\",\"position\":2,\"name\":\"Privacy Policy\"}]},{\"@type\":\"WebSite\",\"@id\":\"https:\/\/sallixmarkets.rudetings.com\/#website\",\"url\":\"https:\/\/sallixmarkets.rudetings.com\/\",\"name\":\"staging.sallixcapital.com\",\"description\":\"Just another WordPress site\",\"potentialAction\":[{\"@type\":\"SearchAction\",\"target\":{\"@type\":\"EntryPoint\",\"urlTemplate\":\"https:\/\/sallixmarkets.rudetings.com\/?s={search_term_string}\"},\"query-input\":\"required name=search_term_string\"}],\"inLanguage\":\"fr-FR\"}]}<\/script>\n<!-- \/ Yoast SEO plugin. -->","yoast_head_json":{"title":"Pourquoi Sallix Capital est-elle approuv\u00e9e par les commer\u00e7ants du monde entier ?","description":"La principale raison pour laquelle des milliers de commer\u00e7ants du monde entier font confiance \u00e0 Sallix Capital est que nous les consid\u00e9rons comme une famille. Lisez la suite pour voir plus de raisons.","robots":{"index":"noindex","follow":"follow","max-snippet":"max-snippet:-1","max-image-preview":"max-image-preview:large","max-video-preview":"max-video-preview:-1"},"og_locale":"fr_FR","og_type":"article","og_title":"Pourquoi Sallix Capital est-elle approuv\u00e9e par les commer\u00e7ants du monde entier ?","og_description":"La principale raison pour laquelle des milliers de commer\u00e7ants du monde entier font confiance \u00e0 Sallix Capital est que nous les consid\u00e9rons comme une famille. Lisez la suite pour voir plus de raisons.","og_url":"https:\/\/sallixmarkets.rudetings.com\/fr\/privacy-policy\/","og_site_name":"staging.sallixcapital.com","article_modified_time":"2022-12-28T14:50:56+00:00","twitter_card":"summary_large_image","twitter_title":"Pourquoi Sallix Capital est-elle approuv\u00e9e par les commer\u00e7ants du monde entier ?","twitter_description":"La principale raison pour laquelle des milliers de commer\u00e7ants du monde entier font confiance \u00e0 Sallix Capital est que nous les consid\u00e9rons comme une famille. Lisez la suite pour voir plus de raisons.","schema":{"@context":"https:\/\/schema.org","@graph":[{"@type":"WebPage","@id":"https:\/\/sallixmarkets.rudetings.com\/fr\/privacy-policy\/","url":"https:\/\/sallixmarkets.rudetings.com\/fr\/privacy-policy\/","name":"Pourquoi Sallix Capital est-elle approuv\u00e9e par les commer\u00e7ants du monde entier ?","isPartOf":{"@id":"https:\/\/sallixmarkets.rudetings.com\/#website"},"datePublished":"2022-09-16T06:36:07+00:00","dateModified":"2022-12-28T14:50:56+00:00","description":"La principale raison pour laquelle des milliers de commer\u00e7ants du monde entier font confiance \u00e0 Sallix Capital est que nous les consid\u00e9rons comme une famille. Lisez la suite pour voir plus de raisons.","breadcrumb":{"@id":"https:\/\/sallixmarkets.rudetings.com\/fr\/privacy-policy\/#breadcrumb"},"inLanguage":"fr-FR","potentialAction":[{"@type":"ReadAction","target":["https:\/\/sallixmarkets.rudetings.com\/fr\/privacy-policy\/"]}]},{"@type":"BreadcrumbList","@id":"https:\/\/sallixmarkets.rudetings.com\/fr\/privacy-policy\/#breadcrumb","itemListElement":[{"@type":"ListItem","position":1,"name":"Home","item":"https:\/\/sallixmarkets.rudetings.com\/fr\/"},{"@type":"ListItem","position":2,"name":"Privacy Policy"}]},{"@type":"WebSite","@id":"https:\/\/sallixmarkets.rudetings.com\/#website","url":"https:\/\/sallixmarkets.rudetings.com\/","name":"staging.sallixcapital.com","description":"Just another WordPress site","potentialAction":[{"@type":"SearchAction","target":{"@type":"EntryPoint","urlTemplate":"https:\/\/sallixmarkets.rudetings.com\/?s={search_term_string}"},"query-input":"required name=search_term_string"}],"inLanguage":"fr-FR"}]}},"_links":{"self":[{"href":"https:\/\/sallixmarkets.rudetings.com\/fr\/wp-json\/wp\/v2\/pages\/1794","targetHints":{"allow":["GET"]}}],"collection":[{"href":"https:\/\/sallixmarkets.rudetings.com\/fr\/wp-json\/wp\/v2\/pages"}],"about":[{"href":"https:\/\/sallixmarkets.rudetings.com\/fr\/wp-json\/wp\/v2\/types\/page"}],"author":[{"embeddable":true,"href":"https:\/\/sallixmarkets.rudetings.com\/fr\/wp-json\/wp\/v2\/users\/1"}],"replies":[{"embeddable":true,"href":"https:\/\/sallixmarkets.rudetings.com\/fr\/wp-json\/wp\/v2\/comments?post=1794"}],"version-history":[{"count":11,"href":"https:\/\/sallixmarkets.rudetings.com\/fr\/wp-json\/wp\/v2\/pages\/1794\/revisions"}],"predecessor-version":[{"id":3268,"href":"https:\/\/sallixmarkets.rudetings.com\/fr\/wp-json\/wp\/v2\/pages\/1794\/revisions\/3268"}],"wp:attachment":[{"href":"https:\/\/sallixmarkets.rudetings.com\/fr\/wp-json\/wp\/v2\/media?parent=1794"}],"curies":[{"name":"wp","href":"https:\/\/api.w.org\/{rel}","templated":true}]}}