{"id":1819,"date":"2022-09-15T12:24:14","date_gmt":"2022-09-15T12:24:14","guid":{"rendered":"https:\/\/staging.Sallixcapital.com\/home-page\/"},"modified":"2022-12-29T08:48:12","modified_gmt":"2022-12-29T08:48:12","slug":"home-page","status":"publish","type":"page","link":"https:\/\/sallixmarkets.rudetings.com\/fr\/","title":{"rendered":"Home page"},"content":{"rendered":"","protected":false},"excerpt":{"rendered":"","protected":false},"author":1,"featured_media":0,"parent":0,"menu_order":0,"comment_status":"closed","ping_status":"closed","template":"page-index.php","meta":{"inline_featured_image":false,"footnotes":""},"class_list":["post-1819","page","type-page","status-publish","hentry"],"acf":[],"yoast_head":"<!-- This site is optimized with the Yoast SEO plugin v19.13 - https:\/\/yoast.com\/wordpress\/plugins\/seo\/ -->\n<title>Les march\u00e9s financiers bougent. Gardez une longueur d&#039;avance avec Sallix Capital !<\/title>\n<meta name=\"description\" content=\"N\u00e9gocier sur les march\u00e9s financiers mondiaux avec un courtier Forex de confiance comme Sallix Capital vous donne vraiment l&#039;avantage sur les autres traders. Obtenez votre compte maintenant !\" \/>\n<meta name=\"robots\" content=\"noindex, follow, max-snippet:-1, max-image-preview:large, max-video-preview:-1\" \/>\n<meta property=\"og:locale\" content=\"fr_FR\" \/>\n<meta property=\"og:type\" content=\"article\" \/>\n<meta property=\"og:title\" content=\"Les march\u00e9s financiers bougent. Gardez une longueur d&#039;avance avec Sallix Capital !\" \/>\n<meta property=\"og:description\" content=\"N\u00e9gocier sur les march\u00e9s financiers mondiaux avec un courtier Forex de confiance comme Sallix Capital vous donne vraiment l&#039;avantage sur les autres traders. Obtenez votre compte maintenant !\" \/>\n<meta property=\"og:url\" content=\"https:\/\/sallixmarkets.rudetings.com\/fr\/\" \/>\n<meta property=\"og:site_name\" content=\"staging.sallixcapital.com\" \/>\n<meta property=\"article:modified_time\" content=\"2022-12-29T08:48:12+00:00\" \/>\n<meta name=\"twitter:card\" content=\"summary_large_image\" \/>\n<meta name=\"twitter:title\" content=\"Les march\u00e9s financiers bougent. Gardez une longueur d&#039;avance avec Sallix Capital !\" \/>\n<meta name=\"twitter:description\" content=\"N\u00e9gocier sur les march\u00e9s financiers mondiaux avec un courtier Forex de confiance comme Sallix Capital vous donne vraiment l&#039;avantage sur les autres traders. Obtenez votre compte maintenant !\" \/>\n<script type=\"application\/ld+json\" class=\"yoast-schema-graph\">{\"@context\":\"https:\/\/schema.org\",\"@graph\":[{\"@type\":\"WebPage\",\"@id\":\"https:\/\/sallixmarkets.rudetings.com\/fr\/\",\"url\":\"https:\/\/sallixmarkets.rudetings.com\/fr\/\",\"name\":\"Les march\u00e9s financiers bougent. Gardez une longueur d'avance avec Sallix Capital !\",\"isPartOf\":{\"@id\":\"https:\/\/sallixmarkets.rudetings.com\/#website\"},\"datePublished\":\"2022-09-15T12:24:14+00:00\",\"dateModified\":\"2022-12-29T08:48:12+00:00\",\"description\":\"N\u00e9gocier sur les march\u00e9s financiers mondiaux avec un courtier Forex de confiance comme Sallix Capital vous donne vraiment l'avantage sur les autres traders. Obtenez votre compte maintenant !\",\"breadcrumb\":{\"@id\":\"https:\/\/sallixmarkets.rudetings.com\/fr\/#breadcrumb\"},\"inLanguage\":\"fr-FR\",\"potentialAction\":[{\"@type\":\"ReadAction\",\"target\":[\"https:\/\/sallixmarkets.rudetings.com\/fr\/\"]}]},{\"@type\":\"BreadcrumbList\",\"@id\":\"https:\/\/sallixmarkets.rudetings.com\/fr\/#breadcrumb\",\"itemListElement\":[{\"@type\":\"ListItem\",\"position\":1,\"name\":\"Home\",\"item\":\"https:\/\/sallixmarkets.rudetings.com\/fr\/\"},{\"@type\":\"ListItem\",\"position\":2,\"name\":\"Home page\"}]},{\"@type\":\"WebSite\",\"@id\":\"https:\/\/sallixmarkets.rudetings.com\/#website\",\"url\":\"https:\/\/sallixmarkets.rudetings.com\/\",\"name\":\"staging.sallixcapital.com\",\"description\":\"Just another WordPress site\",\"potentialAction\":[{\"@type\":\"SearchAction\",\"target\":{\"@type\":\"EntryPoint\",\"urlTemplate\":\"https:\/\/sallixmarkets.rudetings.com\/?s={search_term_string}\"},\"query-input\":\"required name=search_term_string\"}],\"inLanguage\":\"fr-FR\"}]}<\/script>\n<!-- \/ Yoast SEO plugin. -->","yoast_head_json":{"title":"Les march\u00e9s financiers bougent. Gardez une longueur d'avance avec Sallix Capital !","description":"N\u00e9gocier sur les march\u00e9s financiers mondiaux avec un courtier Forex de confiance comme Sallix Capital vous donne vraiment l'avantage sur les autres traders. Obtenez votre compte maintenant !","robots":{"index":"noindex","follow":"follow","max-snippet":"max-snippet:-1","max-image-preview":"max-image-preview:large","max-video-preview":"max-video-preview:-1"},"og_locale":"fr_FR","og_type":"article","og_title":"Les march\u00e9s financiers bougent. Gardez une longueur d'avance avec Sallix Capital !","og_description":"N\u00e9gocier sur les march\u00e9s financiers mondiaux avec un courtier Forex de confiance comme Sallix Capital vous donne vraiment l'avantage sur les autres traders. Obtenez votre compte maintenant !","og_url":"https:\/\/sallixmarkets.rudetings.com\/fr\/","og_site_name":"staging.sallixcapital.com","article_modified_time":"2022-12-29T08:48:12+00:00","twitter_card":"summary_large_image","twitter_title":"Les march\u00e9s financiers bougent. Gardez une longueur d'avance avec Sallix Capital !","twitter_description":"N\u00e9gocier sur les march\u00e9s financiers mondiaux avec un courtier Forex de confiance comme Sallix Capital vous donne vraiment l'avantage sur les autres traders. Obtenez votre compte maintenant !","schema":{"@context":"https:\/\/schema.org","@graph":[{"@type":"WebPage","@id":"https:\/\/sallixmarkets.rudetings.com\/fr\/","url":"https:\/\/sallixmarkets.rudetings.com\/fr\/","name":"Les march\u00e9s financiers bougent. Gardez une longueur d'avance avec Sallix Capital !","isPartOf":{"@id":"https:\/\/sallixmarkets.rudetings.com\/#website"},"datePublished":"2022-09-15T12:24:14+00:00","dateModified":"2022-12-29T08:48:12+00:00","description":"N\u00e9gocier sur les march\u00e9s financiers mondiaux avec un courtier Forex de confiance comme Sallix Capital vous donne vraiment l'avantage sur les autres traders. Obtenez votre compte maintenant !","breadcrumb":{"@id":"https:\/\/sallixmarkets.rudetings.com\/fr\/#breadcrumb"},"inLanguage":"fr-FR","potentialAction":[{"@type":"ReadAction","target":["https:\/\/sallixmarkets.rudetings.com\/fr\/"]}]},{"@type":"BreadcrumbList","@id":"https:\/\/sallixmarkets.rudetings.com\/fr\/#breadcrumb","itemListElement":[{"@type":"ListItem","position":1,"name":"Home","item":"https:\/\/sallixmarkets.rudetings.com\/fr\/"},{"@type":"ListItem","position":2,"name":"Home page"}]},{"@type":"WebSite","@id":"https:\/\/sallixmarkets.rudetings.com\/#website","url":"https:\/\/sallixmarkets.rudetings.com\/","name":"staging.sallixcapital.com","description":"Just another WordPress site","potentialAction":[{"@type":"SearchAction","target":{"@type":"EntryPoint","urlTemplate":"https:\/\/sallixmarkets.rudetings.com\/?s={search_term_string}"},"query-input":"required name=search_term_string"}],"inLanguage":"fr-FR"}]}},"_links":{"self":[{"href":"https:\/\/sallixmarkets.rudetings.com\/fr\/wp-json\/wp\/v2\/pages\/1819","targetHints":{"allow":["GET"]}}],"collection":[{"href":"https:\/\/sallixmarkets.rudetings.com\/fr\/wp-json\/wp\/v2\/pages"}],"about":[{"href":"https:\/\/sallixmarkets.rudetings.com\/fr\/wp-json\/wp\/v2\/types\/page"}],"author":[{"embeddable":true,"href":"https:\/\/sallixmarkets.rudetings.com\/fr\/wp-json\/wp\/v2\/users\/1"}],"replies":[{"embeddable":true,"href":"https:\/\/sallixmarkets.rudetings.com\/fr\/wp-json\/wp\/v2\/comments?post=1819"}],"version-history":[{"count":18,"href":"https:\/\/sallixmarkets.rudetings.com\/fr\/wp-json\/wp\/v2\/pages\/1819\/revisions"}],"predecessor-version":[{"id":3312,"href":"https:\/\/sallixmarkets.rudetings.com\/fr\/wp-json\/wp\/v2\/pages\/1819\/revisions\/3312"}],"wp:attachment":[{"href":"https:\/\/sallixmarkets.rudetings.com\/fr\/wp-json\/wp\/v2\/media?parent=1819"}],"curies":[{"name":"wp","href":"https:\/\/api.w.org\/{rel}","templated":true}]}}